{"id":30,"date":"2020-03-02T08:32:09","date_gmt":"2020-03-02T08:32:09","guid":{"rendered":"https:\/\/bijoux.vamtam.com\/?page_id=30"},"modified":"2025-11-24T09:35:20","modified_gmt":"2025-11-24T09:35:20","slug":"histories-de-joieria-a-barcelona","status":"publish","type":"page","link":"https:\/\/lidajoies.com\/ca\/historias-de-joyeria-en-barcelona\/","title":{"rendered":"Des del nostre univers"},"content":{"rendered":"\t\t<div data-elementor-type=\"wp-page\" data-elementor-id=\"30\" class=\"elementor elementor-30\" data-elementor-post-type=\"page\">\n\t\t\t\t<div class=\"elementor-element elementor-element-1cf6858 e-con-full e-flex e-con e-parent\" data-id=\"1cf6858\" data-element_type=\"container\" data-e-type=\"container\" data-settings=\"{&quot;background_background&quot;:&quot;classic&quot;}\">\n\t\t\t\t<div class=\"elementor-element elementor-element-df30dc1 elementor-absolute elementor-view-default elementor-invisible elementor-widget elementor-widget-icon\" data-id=\"df30dc1\" data-element_type=\"widget\" data-e-type=\"widget\" data-settings=\"{&quot;_animation&quot;:&quot;fadeInDown&quot;,&quot;_animation_delay&quot;:400,&quot;motion_fx_motion_fx_scrolling&quot;:&quot;yes&quot;,&quot;motion_fx_translateY_effect&quot;:&quot;yes&quot;,&quot;motion_fx_translateY_direction&quot;:&quot;negative&quot;,&quot;motion_fx_translateY_speed&quot;:{&quot;unit&quot;:&quot;px&quot;,&quot;size&quot;:2,&quot;sizes&quot;:[]},&quot;motion_fx_translateY_affectedRange&quot;:{&quot;unit&quot;:&quot;%&quot;,&quot;size&quot;:&quot;&quot;,&quot;sizes&quot;:{&quot;start&quot;:50,&quot;end&quot;:100}},&quot;motion_fx_devices&quot;:[&quot;desktop&quot;],&quot;_position&quot;:&quot;absolute&quot;}\" data-widget_type=\"icon.default\">\n\t\t\t\t<div class=\"elementor-widget-container\">\n\t\t\t\t\t\t\t<div class=\"elementor-icon-wrapper\">\n\t\t\t<a class=\"elementor-icon elementor-animation-float\" href=\"#nosotros\" aria-label=\"Seguir navegando\">\n\t\t\t<i aria-hidden=\"true\" class=\"vamtamtheme- vamtam-theme-arrow-bottom\"><\/i>\t\t\t<\/a>\n\t\t<\/div>\n\t\t\t\t\t\t<\/div>\n\t\t\t\t<\/div>\n\t\t<div class=\"elementor-element elementor-element-07cac98 animated-slow e-flex e-con-boxed elementor-invisible e-con e-child\" data-id=\"07cac98\" data-element_type=\"container\" data-e-type=\"container\" data-settings=\"{&quot;position&quot;:&quot;absolute&quot;,&quot;animation&quot;:&quot;fadeIn&quot;,&quot;animation_delay&quot;:2000}\">\n\t\t\t\t\t<div class=\"e-con-inner\">\n\t\t\t\t<div class=\"elementor-element elementor-element-268cca3 elementor-widget elementor-widget-breadcrumbs\" data-id=\"268cca3\" data-element_type=\"widget\" data-e-type=\"widget\" data-widget_type=\"breadcrumbs.default\">\n\t\t\t\t<div class=\"elementor-widget-container\">\n\t\t\t\t\t<nav aria-label=\"breadcrumbs\" class=\"rank-math-breadcrumb\"><p><span class=\"last\">Inicio<\/span><\/p><\/nav>\t\t\t\t<\/div>\n\t\t\t\t<\/div>\n\t\t\t\t<div class=\"elementor-element elementor-element-584d002 elementor-widget elementor-widget-theme-post-title elementor-page-title elementor-widget-heading\" data-id=\"584d002\" data-element_type=\"widget\" data-e-type=\"widget\" data-widget_type=\"theme-post-title.default\">\n\t\t\t\t<div class=\"elementor-widget-container\">\n\t\t\t\t\t<h1 class=\"elementor-heading-title elementor-size-default\">Desde nuestro universo<\/h1>\t\t\t\t<\/div>\n\t\t\t\t<\/div>\n\t\t\t\t<div class=\"elementor-element elementor-element-fa996db elementor-widget elementor-widget-heading\" data-id=\"fa996db\" data-element_type=\"widget\" data-e-type=\"widget\" data-widget_type=\"heading.default\">\n\t\t\t\t<div class=\"elementor-widget-container\">\n\t\t\t\t\t<h2 class=\"elementor-heading-title elementor-size-default\">Momentos, ideas y colaboraciones que nos inspiran a crear joyas con significado.<\/h2>\t\t\t\t<\/div>\n\t\t\t\t<\/div>\n\t\t\t\t\t<\/div>\n\t\t\t\t<\/div>\n\t\t\t\t<div class=\"elementor-element elementor-element-c12ac59 elementor-widget__width-initial elementor-invisible elementor-widget elementor-widget-image\" data-id=\"c12ac59\" data-element_type=\"widget\" data-e-type=\"widget\" data-settings=\"{&quot;_animation&quot;:&quot;imageGrowWithScaleLeft&quot;,&quot;_animation_tablet&quot;:&quot;none&quot;,&quot;_animation_mobile&quot;:&quot;none&quot;}\" data-widget_type=\"image.default\">\n\t\t\t\t<div class=\"elementor-widget-container\">\n\t\t\t\t\t\t\t\t\t<div class=\"elementor-image\">\n\t\t\t\t\t\t\t\t\t\t\t<div class=\"vamtam-image-wrapper\">\n\t\t\t\t\t\t\t\t\t\t\t\t\t\t\t\t\t\t\t\t\t<img fetchpriority=\"high\" decoding=\"async\" width=\"2560\" height=\"1707\" src=\"https:\/\/lidajoies.com\/wp-content\/uploads\/2025\/07\/para-la-ciudad_OP-scaled.webp\" class=\"attachment-full size-full wp-image-990550\" alt=\"Historias de joyer\u00eda en Barcelona\" srcset=\"https:\/\/lidajoies.com\/wp-content\/uploads\/2025\/07\/para-la-ciudad_OP-scaled.webp 2560w, https:\/\/lidajoies.com\/wp-content\/uploads\/2025\/07\/para-la-ciudad_OP-scaled-600x400.webp 600w, https:\/\/lidajoies.com\/wp-content\/uploads\/2025\/07\/para-la-ciudad_OP-scaled-300x200.webp 300w, https:\/\/lidajoies.com\/wp-content\/uploads\/2025\/07\/para-la-ciudad_OP-scaled-1024x683.webp 1024w, https:\/\/lidajoies.com\/wp-content\/uploads\/2025\/07\/para-la-ciudad_OP-scaled-768x512.webp 768w, https:\/\/lidajoies.com\/wp-content\/uploads\/2025\/07\/para-la-ciudad_OP-scaled-1536x1024.webp 1536w, https:\/\/lidajoies.com\/wp-content\/uploads\/2025\/07\/para-la-ciudad_OP-scaled-2048x1366.webp 2048w, https:\/\/lidajoies.com\/wp-content\/uploads\/2025\/07\/para-la-ciudad_OP-scaled-18x12.webp 18w, https:\/\/lidajoies.com\/wp-content\/uploads\/2025\/07\/para-la-ciudad_OP-scaled-1200x800.webp 1200w\" sizes=\"(max-width: 2560px) 100vw, 2560px\" title=\"\">\t\t\t\t\t\t\t\t\t\t\t\t\t\t\t\t\t\t\t\t\t\t\t\t\t\t<\/div>\n\t\t\t\t\t\t\t\t\t<\/div>\n\t\t\t\t\t\t\t\t<\/div>\n\t\t\t\t<\/div>\n\t\t\t\t<\/div>\n\t\t<div class=\"elementor-element elementor-element-282cb6a e-flex e-con-boxed e-con e-parent\" data-id=\"282cb6a\" data-element_type=\"container\" data-e-type=\"container\" data-settings=\"{&quot;background_background&quot;:&quot;classic&quot;}\">\n\t\t\t\t\t<div class=\"e-con-inner\">\n\t\t\t\t<div class=\"elementor-element elementor-element-68ef9b3 elementor-widget elementor-widget-heading\" data-id=\"68ef9b3\" data-element_type=\"widget\" data-e-type=\"widget\" data-widget_type=\"heading.default\">\n\t\t\t\t<div class=\"elementor-widget-container\">\n\t\t\t\t\t<p class=\"elementor-heading-title elementor-size-default\">M\u00e1s all\u00e1 del dise\u00f1o, creemos en las historias que nos conectan.\nAqu\u00ed compartimos lanzamientos, detr\u00e1s de escena, eventos especiales y todo lo que da vida a nuestras creaciones.<\/p>\t\t\t\t<\/div>\n\t\t\t\t<\/div>\n\t\t\t\t\t<\/div>\n\t\t\t\t<\/div>\n\t\t<div class=\"elementor-element elementor-element-61fdf60 e-flex e-con-boxed e-con e-parent\" data-id=\"61fdf60\" data-element_type=\"container\" data-e-type=\"container\">\n\t\t\t\t\t<div class=\"e-con-inner\">\n\t\t<div class=\"elementor-element elementor-element-8d5ecc5 e-con-full e-flex e-con e-child\" data-id=\"8d5ecc5\" data-element_type=\"container\" data-e-type=\"container\">\n\t\t\t\t<div class=\"elementor-element elementor-element-68f7290 elementor-grid-3 elementor-grid-tablet-2 elementor-grid-mobile-1 elementor-posts--thumbnail-top elementor-widget elementor-widget-posts\" data-id=\"68f7290\" data-element_type=\"widget\" data-e-type=\"widget\" data-settings=\"{&quot;classic_row_gap&quot;:{&quot;unit&quot;:&quot;px&quot;,&quot;size&quot;:80,&quot;sizes&quot;:[]},&quot;pagination_type&quot;:&quot;numbers&quot;,&quot;classic_masonry&quot;:&quot;yes&quot;,&quot;classic_columns&quot;:&quot;3&quot;,&quot;classic_columns_tablet&quot;:&quot;2&quot;,&quot;classic_columns_mobile&quot;:&quot;1&quot;,&quot;classic_row_gap_tablet&quot;:{&quot;unit&quot;:&quot;px&quot;,&quot;size&quot;:&quot;&quot;,&quot;sizes&quot;:[]},&quot;classic_row_gap_mobile&quot;:{&quot;unit&quot;:&quot;px&quot;,&quot;size&quot;:&quot;&quot;,&quot;sizes&quot;:[]}}\" data-widget_type=\"posts.classic\">\n\t\t\t\t<div class=\"elementor-widget-container\">\n\t\t\t\t\t\t\t<div class=\"elementor-posts-container elementor-posts elementor-posts--skin-classic elementor-grid\" role=\"list\">\n\t\t\t\t<article class=\"elementor-post elementor-grid-item post-4204 post type-post status-publish format-standard has-post-thumbnail hentry category-noticias\" role=\"listitem\">\n\t\t\t\t<a class=\"elementor-post__thumbnail__link\" href=\"https:\/\/lidajoies.com\/ca\/esp-gracias-por-asistir-a-nuestra-conferencia-en-el-blanc-festival\/\" tabindex=\"-1\">\n\t\t\t<div class=\"elementor-post__thumbnail\"><img decoding=\"async\" width=\"742\" height=\"421\" src=\"https:\/\/lidajoies.com\/wp-content\/uploads\/2020\/11\/banner_blank.jpg\" class=\"attachment-large size-large wp-image-4205\" alt=\"\" title=\"\" srcset=\"https:\/\/lidajoies.com\/wp-content\/uploads\/2020\/11\/banner_blank.jpg 742w, https:\/\/lidajoies.com\/wp-content\/uploads\/2020\/11\/banner_blank-600x340.jpg 600w, https:\/\/lidajoies.com\/wp-content\/uploads\/2020\/11\/banner_blank-18x10.jpg 18w, https:\/\/lidajoies.com\/wp-content\/uploads\/2020\/11\/banner_blank-300x170.jpg 300w\" sizes=\"(max-width: 742px) 100vw, 742px\" \/><\/div>\n\t\t<\/a>\n\t\t\t\t<div class=\"elementor-post__text\">\n\t\t\t\t<div class=\"elementor-post__title\">\n\t\t\t<a href=\"https:\/\/lidajoies.com\/ca\/esp-gracias-por-asistir-a-nuestra-conferencia-en-el-blanc-festival\/\">\n\t\t\t\tGr\u00e0cies per assistir a la nostra confer\u00e8ncia al Blanc Festival!\t\t\t<\/a>\n\t\t<\/div>\n\t\t\t\t<div class=\"elementor-post__excerpt\">\n\t\t\t<p>Durante los d\u00edas 23 y 24 de octubre tubo lugar nuestra participaci\u00f3n como ponente en la secci\u00f3n de\u00a0Variet\u00e9s de las<\/p>\n\t\t<\/div>\n\t\t\n\t\t<a class=\"elementor-post__read-more\" href=\"https:\/\/lidajoies.com\/ca\/esp-gracias-por-asistir-a-nuestra-conferencia-en-el-blanc-festival\/\" aria-label=\"Read more about Gr\u00e0cies per assistir a la nostra confer\u00e8ncia al Blanc Festival!\" tabindex=\"-1\">\n\t\t\tLeer m\u00e1s\t\t<\/a>\n\n\t\t\t\t<\/div>\n\t\t\t\t<\/article>\n\t\t\t\t<article class=\"elementor-post elementor-grid-item post-4285 post type-post status-publish format-standard has-post-thumbnail hentry category-noticias\" role=\"listitem\">\n\t\t\t\t<a class=\"elementor-post__thumbnail__link\" href=\"https:\/\/lidajoies.com\/ca\/carla-simon-deslumbra-als-premis-goya-2024-amb-lida-joies\/\" tabindex=\"-1\">\n\t\t\t<div class=\"elementor-post__thumbnail\"><img decoding=\"async\" width=\"600\" height=\"300\" src=\"https:\/\/lidajoies.com\/wp-content\/uploads\/2024\/03\/joya-goya-2024.jpg\" class=\"attachment-large size-large wp-image-4287\" alt=\"\" title=\"\" srcset=\"https:\/\/lidajoies.com\/wp-content\/uploads\/2024\/03\/joya-goya-2024.jpg 600w, https:\/\/lidajoies.com\/wp-content\/uploads\/2024\/03\/joya-goya-2024-300x150.jpg 300w, https:\/\/lidajoies.com\/wp-content\/uploads\/2024\/03\/joya-goya-2024-18x9.jpg 18w\" sizes=\"(max-width: 600px) 100vw, 600px\" \/><\/div>\n\t\t<\/a>\n\t\t\t\t<div class=\"elementor-post__text\">\n\t\t\t\t<div class=\"elementor-post__title\">\n\t\t\t<a href=\"https:\/\/lidajoies.com\/ca\/carla-simon-deslumbra-als-premis-goya-2024-amb-lida-joies\/\">\n\t\t\t\tCarla Sim\u00f3n deslumbra als Premis Goya 2024 amb Lida Joies\t\t\t<\/a>\n\t\t<\/div>\n\t\t\t\t<div class=\"elementor-post__excerpt\">\n\t\t\t<p>La cineasta Carla Sim\u00f3n, ganadora del Goya a Mejor Direcci\u00f3n Novel en 2022, volvi\u00f3 a brillar en la alfombra roja<\/p>\n\t\t<\/div>\n\t\t\n\t\t<a class=\"elementor-post__read-more\" href=\"https:\/\/lidajoies.com\/ca\/carla-simon-deslumbra-als-premis-goya-2024-amb-lida-joies\/\" aria-label=\"Read more about Carla Sim\u00f3n deslumbra als Premis Goya 2024 amb Lida Joies\" tabindex=\"-1\">\n\t\t\tLeer m\u00e1s\t\t<\/a>\n\n\t\t\t\t<\/div>\n\t\t\t\t<\/article>\n\t\t\t\t<\/div>\n\t\t\n\t\t\t\t\t\t<\/div>\n\t\t\t\t<\/div>\n\t\t\t\t<\/div>\n\t\t\t\t\t<\/div>\n\t\t\t\t<\/div>\n\t\t\t\t<\/div>\n\t\t","protected":false},"excerpt":{"rendered":"<p>Inicio Momentos, ideas y colaboraciones que nos inspiran a crear joyas con significado. M\u00e1s all\u00e1 del dise\u00f1o, creemos en las historias que nos conectan. Aqu\u00ed compartimos lanzamientos, detr\u00e1s de escena, eventos especiales y todo lo que da vida a nuestras creaciones.<\/p>","protected":false},"author":1,"featured_media":0,"parent":0,"menu_order":0,"comment_status":"closed","ping_status":"closed","template":"","meta":{"footnotes":""},"class_list":["post-30","page","type-page","status-publish","hentry"],"_links":{"self":[{"href":"https:\/\/lidajoies.com\/ca\/wp-json\/wp\/v2\/pages\/30","targetHints":{"allow":["GET"]}}],"collection":[{"href":"https:\/\/lidajoies.com\/ca\/wp-json\/wp\/v2\/pages"}],"about":[{"href":"https:\/\/lidajoies.com\/ca\/wp-json\/wp\/v2\/types\/page"}],"author":[{"embeddable":true,"href":"https:\/\/lidajoies.com\/ca\/wp-json\/wp\/v2\/users\/1"}],"replies":[{"embeddable":true,"href":"https:\/\/lidajoies.com\/ca\/wp-json\/wp\/v2\/comments?post=30"}],"version-history":[{"count":69,"href":"https:\/\/lidajoies.com\/ca\/wp-json\/wp\/v2\/pages\/30\/revisions"}],"predecessor-version":[{"id":993988,"href":"https:\/\/lidajoies.com\/ca\/wp-json\/wp\/v2\/pages\/30\/revisions\/993988"}],"wp:attachment":[{"href":"https:\/\/lidajoies.com\/ca\/wp-json\/wp\/v2\/media?parent=30"}],"curies":[{"name":"wp","href":"https:\/\/api.w.org\/{rel}","templated":true}]}}