{"id":990796,"date":"2025-07-11T17:45:15","date_gmt":"2025-07-11T17:45:15","guid":{"rendered":"https:\/\/lidajoies.com\/?page_id=990796"},"modified":"2026-02-26T11:20:57","modified_gmt":"2026-02-26T11:20:57","slug":"transformacio-de-joies-a-barcelona","status":"publish","type":"page","link":"https:\/\/lidajoies.com\/ca\/transformacion-de-joyas-en-barcelona\/","title":{"rendered":"Atelier"},"content":{"rendered":"\t\t<div data-elementor-type=\"wp-page\" data-elementor-id=\"990796\" class=\"elementor elementor-990796\" data-elementor-post-type=\"page\">\n\t\t\t\t<div class=\"elementor-element elementor-element-a1c2faa e-con-full e-flex e-con e-parent\" data-id=\"a1c2faa\" data-element_type=\"container\" data-e-type=\"container\" data-settings=\"{&quot;background_background&quot;:&quot;classic&quot;}\">\n\t\t\t\t<div class=\"elementor-element elementor-element-b579fc8 elementor-widget__width-initial elementor-invisible elementor-widget elementor-widget-image\" data-id=\"b579fc8\" data-element_type=\"widget\" data-e-type=\"widget\" data-settings=\"{&quot;_animation&quot;:&quot;imageGrowWithScaleLeft&quot;,&quot;_animation_tablet&quot;:&quot;none&quot;,&quot;_animation_mobile&quot;:&quot;none&quot;}\" data-widget_type=\"image.default\">\n\t\t\t\t<div class=\"elementor-widget-container\">\n\t\t\t\t\t\t\t\t\t<div class=\"elementor-image\">\n\t\t\t\t\t\t\t\t\t\t\t<div class=\"vamtam-image-wrapper\">\n\t\t\t\t\t\t\t\t\t\t\t\t\t\t\t\t\t\t\t\t\t<img fetchpriority=\"high\" decoding=\"async\" width=\"2262\" height=\"1250\" src=\"https:\/\/lidajoies.com\/wp-content\/uploads\/2020\/10\/kyle-cut-media-Dcw_Z5o7ovY-unsplash-1.jpg\" class=\"attachment-full size-full wp-image-4550\" alt=\"Transformaci\u00f3n de joyas en Barcelona\" srcset=\"https:\/\/lidajoies.com\/wp-content\/uploads\/2020\/10\/kyle-cut-media-Dcw_Z5o7ovY-unsplash-1.jpg 2262w, https:\/\/lidajoies.com\/wp-content\/uploads\/2020\/10\/kyle-cut-media-Dcw_Z5o7ovY-unsplash-1-600x332.jpg 600w, https:\/\/lidajoies.com\/wp-content\/uploads\/2020\/10\/kyle-cut-media-Dcw_Z5o7ovY-unsplash-1-300x166.jpg 300w, https:\/\/lidajoies.com\/wp-content\/uploads\/2020\/10\/kyle-cut-media-Dcw_Z5o7ovY-unsplash-1-1024x566.jpg 1024w, https:\/\/lidajoies.com\/wp-content\/uploads\/2020\/10\/kyle-cut-media-Dcw_Z5o7ovY-unsplash-1-768x424.jpg 768w, https:\/\/lidajoies.com\/wp-content\/uploads\/2020\/10\/kyle-cut-media-Dcw_Z5o7ovY-unsplash-1-1536x849.jpg 1536w, https:\/\/lidajoies.com\/wp-content\/uploads\/2020\/10\/kyle-cut-media-Dcw_Z5o7ovY-unsplash-1-2048x1132.jpg 2048w, https:\/\/lidajoies.com\/wp-content\/uploads\/2020\/10\/kyle-cut-media-Dcw_Z5o7ovY-unsplash-1-18x10.jpg 18w, https:\/\/lidajoies.com\/wp-content\/uploads\/2020\/10\/kyle-cut-media-Dcw_Z5o7ovY-unsplash-1-1200x663.jpg 1200w\" sizes=\"(max-width: 2262px) 100vw, 2262px\" title=\"\">\t\t\t\t\t\t\t\t\t\t\t\t\t\t\t\t\t\t\t\t\t\t\t\t\t\t<\/div>\n\t\t\t\t\t\t\t\t\t<\/div>\n\t\t\t\t\t\t\t\t<\/div>\n\t\t\t\t<\/div>\n\t\t<div class=\"elementor-element elementor-element-8282af7 animated-slow e-flex e-con-boxed elementor-invisible e-con e-child\" data-id=\"8282af7\" data-element_type=\"container\" data-e-type=\"container\" data-settings=\"{&quot;position&quot;:&quot;absolute&quot;,&quot;animation&quot;:&quot;fadeIn&quot;,&quot;animation_delay&quot;:&quot;2000&quot;}\">\n\t\t\t\t\t<div class=\"e-con-inner\">\n\t\t\t\t<div class=\"elementor-element elementor-element-a29a5b5 elementor-widget elementor-widget-breadcrumbs\" data-id=\"a29a5b5\" data-element_type=\"widget\" data-e-type=\"widget\" data-widget_type=\"breadcrumbs.default\">\n\t\t\t\t<div class=\"elementor-widget-container\">\n\t\t\t\t\t<nav aria-label=\"breadcrumbs\" class=\"rank-math-breadcrumb\"><p><span class=\"last\">Inicio<\/span><\/p><\/nav>\t\t\t\t<\/div>\n\t\t\t\t<\/div>\n\t\t\t\t<div class=\"elementor-element elementor-element-06f5503 elementor-widget elementor-widget-heading\" data-id=\"06f5503\" data-element_type=\"widget\" data-e-type=\"widget\" data-widget_type=\"heading.default\">\n\t\t\t\t<div class=\"elementor-widget-container\">\n\t\t\t\t\t<h1 class=\"elementor-heading-title elementor-size-default\">Transformaci\u00f3n de joyas en Barcelona<\/h1>\t\t\t\t<\/div>\n\t\t\t\t<\/div>\n\t\t\t\t<div class=\"elementor-element elementor-element-d7c6b06 elementor-widget elementor-widget-heading\" data-id=\"d7c6b06\" data-element_type=\"widget\" data-e-type=\"widget\" data-widget_type=\"heading.default\">\n\t\t\t\t<div class=\"elementor-widget-container\">\n\t\t\t\t\t<h2 class=\"elementor-heading-title elementor-size-default\">Recicla tus joyas antiguas que ya no utilices para crear una nueva. <\/h2>\t\t\t\t<\/div>\n\t\t\t\t<\/div>\n\t\t\t\t<div class=\"elementor-element elementor-element-7445ac2 elementor-button-bijoux-alt elementor-tablet-align-center elementor-mobile-align-left elementor-widget elementor-widget-button\" data-id=\"7445ac2\" data-element_type=\"widget\" data-e-type=\"widget\" data-widget_type=\"button.default\">\n\t\t\t\t<div class=\"elementor-widget-container\">\n\t\t\t\t\t\t\t\t\t<div class=\"elementor-button-wrapper\">\n\t\t\t\t\t<a href=\"https:\/\/lidajoies.com\/ca\/contacto\/\" class=\"elementor-button-link elementor-button\" role=\"button\">\n\t\t\t\t\t\t\t\t\t\t\t\t\t\t\t<span class=\"elementor-button-content-wrapper\"><span class=\"vamtam-prefix\"><\/span>\n\t\t\t\t\t\t\t\t\t<span class=\"elementor-button-text\">Contactanos<\/span>\n\t\t\t\t\t<\/span>\n\t\t\t\t\t\t\t\t\t\t\t\t\t<\/a>\n\t\t\t\t<\/div>\n\t\t\t\t\t\t\t\t<\/div>\n\t\t\t\t<\/div>\n\t\t\t\t\t<\/div>\n\t\t\t\t<\/div>\n\t\t\t\t<\/div>\n\t\t<div class=\"elementor-element elementor-element-ee051be e-flex e-con-boxed e-con e-parent\" data-id=\"ee051be\" data-element_type=\"container\" data-e-type=\"container\" id=\"reciclaje\" data-settings=\"{&quot;background_background&quot;:&quot;classic&quot;}\">\n\t\t\t\t\t<div class=\"e-con-inner\">\n\t\t<div class=\"elementor-element elementor-element-ea21987 e-con-full e-flex e-con e-child\" data-id=\"ea21987\" data-element_type=\"container\" data-e-type=\"container\" id=\"personalizadas\">\n\t\t<div class=\"elementor-element elementor-element-c3c4fc7 e-con-full e-flex e-con e-child\" data-id=\"c3c4fc7\" data-element_type=\"container\" data-e-type=\"container\">\n\t\t\t\t<div class=\"elementor-element elementor-element-9da1c21 elementor-widget elementor-widget-heading\" data-id=\"9da1c21\" data-element_type=\"widget\" data-e-type=\"widget\" data-widget_type=\"heading.default\">\n\t\t\t\t<div class=\"elementor-widget-container\">\n\t\t\t\t\t<h2 class=\"elementor-heading-title elementor-size-default\">Joyas Personalizadas<\/h2>\t\t\t\t<\/div>\n\t\t\t\t<\/div>\n\t\t\t\t<div class=\"elementor-element elementor-element-b8db89c elementor-widget elementor-widget-text-editor\" data-id=\"b8db89c\" data-element_type=\"widget\" data-e-type=\"widget\" data-widget_type=\"text-editor.default\">\n\t\t\t\t<div class=\"elementor-widget-container\">\n\t\t\t\t\t\t\t\t\t<p>Hacemos realidad tus sue\u00f1os en forma de joyas \u00fanicas. Tienes una idea en mente o una joya especial en la que est\u00e1s pensando? Estamos aqu\u00ed para ayudarte a dise\u00f1arla. Deja que tu creatividad vuele y juntos crearemos una joya que refleje tu estilo y personalidad.<\/p>\t\t\t\t\t\t\t\t<\/div>\n\t\t\t\t<\/div>\n\t\t\t\t<\/div>\n\t\t<div class=\"elementor-element elementor-element-a9ae488 e-con-full e-flex e-con e-child\" data-id=\"a9ae488\" data-element_type=\"container\" data-e-type=\"container\">\n\t\t\t\t<div class=\"elementor-element elementor-element-57c2203 elementor-widget elementor-widget-image\" data-id=\"57c2203\" data-element_type=\"widget\" data-e-type=\"widget\" data-widget_type=\"image.default\">\n\t\t\t\t<div class=\"elementor-widget-container\">\n\t\t\t\t\t\t\t\t\t<div class=\"elementor-image\">\n\t\t\t\t\t\t\t\t\t\t\t\t\t\t\t\t\t\t\t\t\t<img decoding=\"async\" width=\"1024\" height=\"681\" src=\"https:\/\/lidajoies.com\/wp-content\/uploads\/2025\/07\/PERSONALIZADA_OP-1024x681.webp\" class=\"attachment-large size-large wp-image-993319\" alt=\"\" srcset=\"https:\/\/lidajoies.com\/wp-content\/uploads\/2025\/07\/PERSONALIZADA_OP-1024x681.webp 1024w, https:\/\/lidajoies.com\/wp-content\/uploads\/2025\/07\/PERSONALIZADA_OP-600x400.webp 600w, https:\/\/lidajoies.com\/wp-content\/uploads\/2025\/07\/PERSONALIZADA_OP-300x200.webp 300w, https:\/\/lidajoies.com\/wp-content\/uploads\/2025\/07\/PERSONALIZADA_OP-768x511.webp 768w, https:\/\/lidajoies.com\/wp-content\/uploads\/2025\/07\/PERSONALIZADA_OP-18x12.webp 18w, https:\/\/lidajoies.com\/wp-content\/uploads\/2025\/07\/PERSONALIZADA_OP.webp 1153w\" sizes=\"(max-width: 1024px) 100vw, 1024px\" title=\"\">\t\t\t\t\t\t\t\t\t\t\t\t\t\t\t\t\t\t\t\t\t\t\t\t<\/div>\n\t\t\t\t\t\t\t\t<\/div>\n\t\t\t\t<\/div>\n\t\t\t\t<\/div>\n\t\t\t\t<\/div>\n\t\t\t\t\t<\/div>\n\t\t\t\t<\/div>\n\t\t<div class=\"elementor-element elementor-element-1505ead e-flex e-con-boxed e-con e-parent\" data-id=\"1505ead\" data-element_type=\"container\" data-e-type=\"container\" id=\"reparacion\" data-settings=\"{&quot;background_background&quot;:&quot;classic&quot;}\">\n\t\t\t\t\t<div class=\"e-con-inner\">\n\t\t<div class=\"elementor-element elementor-element-7e76152 e-con-full e-flex e-con e-child\" data-id=\"7e76152\" data-element_type=\"container\" data-e-type=\"container\" data-settings=\"{&quot;background_background&quot;:&quot;video&quot;,&quot;background_video_link&quot;:&quot;https:\\\/\\\/lidajoies.com\\\/wp-content\\\/uploads\\\/2025\\\/08\\\/video-taller.mov&quot;,&quot;background_play_on_mobile&quot;:&quot;yes&quot;}\">\n\t\t<div class=\"elementor-background-video-container\">\n\t\t\t\t\t\t\t<video class=\"elementor-background-video-hosted\" role=\"presentation\" autoplay muted playsinline loop><\/video>\n\t\t\t\t\t<\/div>\t\t<\/div>\n\t\t<div class=\"elementor-element elementor-element-54ce9b9 e-con-full e-flex e-con e-child\" data-id=\"54ce9b9\" data-element_type=\"container\" data-e-type=\"container\">\n\t\t\t\t<div class=\"elementor-element elementor-element-8c322af elementor-widget elementor-widget-heading\" data-id=\"8c322af\" data-element_type=\"widget\" data-e-type=\"widget\" data-widget_type=\"heading.default\">\n\t\t\t\t<div class=\"elementor-widget-container\">\n\t\t\t\t\t<h2 class=\"elementor-heading-title elementor-size-default\">Mantenimiento y Reparaci\u00f3n de Joyas<\/h2>\t\t\t\t<\/div>\n\t\t\t\t<\/div>\n\t\t\t\t<div class=\"elementor-element elementor-element-6566f17 elementor-widget elementor-widget-text-editor\" data-id=\"6566f17\" data-element_type=\"widget\" data-e-type=\"widget\" data-widget_type=\"text-editor.default\">\n\t\t\t\t<div class=\"elementor-widget-container\">\n\t\t\t\t\t\t\t\t\t<p>Porque cada joya tiene una historia, merece ser cuidada con dedicaci\u00f3n.\u00a0<\/p><p>En nuestro taller ofrecemos un servicio especializado de reparaci\u00f3n y limpieza para devolver a tus piezas su belleza original. Ya sea un anillo con valor sentimental, una cadena delicada o un broche antiguo, lo tratamos con el respeto y la atenci\u00f3n que se merece.<\/p><p>Como verdaderos profesionales del oficio, tenemos la experiencia y las herramientas para restaurar todo tipo de joyas. Combinamos t\u00e9cnicas artesanales con tecnolog\u00edas modernas, como la soldadura y el grabado l\u00e1ser, para lograr acabados precisos y duraderos.<br \/>As\u00ed podemos ofrecerte un mantenimiento que har\u00e1 que tus joyas brillen como el primer d\u00eda.\u00a0<\/p><p>Estaremos encantados de recibirte en nuestra tienda y asesorarte personalmente.<\/p>\t\t\t\t\t\t\t\t<\/div>\n\t\t\t\t<\/div>\n\t\t\t\t<div class=\"elementor-element elementor-element-52a6d11 elementor-button-bijoux-alt elementor-widget elementor-widget-button\" data-id=\"52a6d11\" data-element_type=\"widget\" data-e-type=\"widget\" data-widget_type=\"button.default\">\n\t\t\t\t<div class=\"elementor-widget-container\">\n\t\t\t\t\t\t\t\t\t<div class=\"elementor-button-wrapper\">\n\t\t\t\t\t<a href=\"https:\/\/lidajoies.com\/ca\/contacto\/\" class=\"elementor-button-link elementor-button\" role=\"button\">\n\t\t\t\t\t\t\t\t\t\t\t\t\t\t\t<span class=\"elementor-button-content-wrapper\"><span class=\"vamtam-prefix\"><\/span>\n\t\t\t\t\t\t\t\t\t<span class=\"elementor-button-text\">Contactanos<\/span>\n\t\t\t\t\t<\/span>\n\t\t\t\t\t\t\t\t\t\t\t\t\t<\/a>\n\t\t\t\t<\/div>\n\t\t\t\t\t\t\t\t<\/div>\n\t\t\t\t<\/div>\n\t\t\t\t<\/div>\n\t\t\t\t\t<\/div>\n\t\t\t\t<\/div>\n\t\t<div class=\"elementor-element elementor-element-99d0a4d e-con-full e-flex e-con e-parent\" data-id=\"99d0a4d\" data-element_type=\"container\" data-e-type=\"container\" data-settings=\"{&quot;background_background&quot;:&quot;classic&quot;}\">\n\t\t\t\t<div class=\"elementor-element elementor-element-d8397e6 elementor-widget__width-auto elementor-widget elementor-widget-heading\" data-id=\"d8397e6\" data-element_type=\"widget\" data-e-type=\"widget\" data-settings=\"{&quot;motion_fx_motion_fx_scrolling&quot;:&quot;yes&quot;,&quot;motion_fx_translateX_effect&quot;:&quot;yes&quot;,&quot;motion_fx_translateX_speed&quot;:{&quot;unit&quot;:&quot;px&quot;,&quot;size&quot;:&quot;0.7&quot;,&quot;sizes&quot;:[]},&quot;motion_fx_devices&quot;:[&quot;desktop&quot;],&quot;motion_fx_translateX_affectedRange&quot;:{&quot;unit&quot;:&quot;%&quot;,&quot;size&quot;:&quot;&quot;,&quot;sizes&quot;:{&quot;start&quot;:0,&quot;end&quot;:100}}}\" data-widget_type=\"heading.default\">\n\t\t\t\t<div class=\"elementor-widget-container\">\n\t\t\t\t\t<h2 class=\"elementor-heading-title elementor-size-default\">Por qu\u00e9 elegirnos<\/h2>\t\t\t\t<\/div>\n\t\t\t\t<\/div>\n\t\t\t\t<div class=\"elementor-element elementor-element-9b03e7b elementor-widget-tablet__width-initial elementor-invisible elementor-widget elementor-widget-heading\" data-id=\"9b03e7b\" data-element_type=\"widget\" data-e-type=\"widget\" data-settings=\"{&quot;_animation&quot;:&quot;fadeIn&quot;}\" data-widget_type=\"heading.default\">\n\t\t\t\t<div class=\"elementor-widget-container\">\n\t\t\t\t\t<div class=\"elementor-heading-title elementor-size-default\">Somos la segunda generaci\u00f3n de una familia de joyeros, con m\u00e1s de 50 a\u00f1os de experiencia, gem\u00f3logos y joyeros de oficio, amamos lo que hacemos.<\/div>\t\t\t\t<\/div>\n\t\t\t\t<\/div>\n\t\t\t\t<div class=\"elementor-element elementor-element-1f2d4eb elementor-align-center elementor-tablet-align-justify elementor-widget__width-auto elementor-button-bijoux vamtam-has-force-wrap elementor-align-center elementor-invisible elementor-widget elementor-widget-button\" data-id=\"1f2d4eb\" data-element_type=\"widget\" data-e-type=\"widget\" data-settings=\"{&quot;_animation&quot;:&quot;zoomIn&quot;}\" data-widget_type=\"button.default\">\n\t\t\t\t<div class=\"elementor-widget-container\">\n\t\t\t\t\t\t\t\t\t<div class=\"elementor-button-wrapper\">\n\t\t\t\t\t<a href=\"https:\/\/lidajoies.com\/ca\/joyas-con-historia-desde-barcelona\/\" class=\"elementor-button-link elementor-button elementor-animation-shrink\" role=\"button\">\n\t\t\t\t\t\t\t\t\t\t\t\t\t<div class=\"vamtam-content-wrap\">\n\t\t\t\t\t\t\t\t<span class=\"vamtam-text-first-letter\">\n\t\t\t\t\t\t\t\t\t<span class=\"vamtam-letter\">\n\t\t\t\t\t\t\t\t\t\t<span class=\"outer\">\n\t\t\t\t\t\t\t\t\t\t\t<span class=\"inner\">\n\t\t\t\t\t\t\t\t\t\t\t\tC\t\t\t\t\t\t\t\t\t\t\t<\/span>\n\t\t\t\t\t\t\t\t\t\t<\/span>\n\t\t\t\t\t\t\t\t\t\tC\t\t\t\t\t\t\t\t\t<\/span>\n\t\t\t\t\t\t\t\t<\/span>\n\t\t\t\t\t\t\t\t\t\t<span class=\"elementor-button-content-wrapper\">\n\t\t\t\t\t\t\t\t\t<span class=\"elementor-button-text\">Con\u00f3cenos<\/span>\n\t\t\t\t\t<\/span>\n\t\t\t\t\t\t\t\t\t<\/div>\n\t\t\t\t\t\t\t\t\t\t\t<\/a>\n\t\t\t\t<\/div>\n\t\t\t\t\t\t\t\t<\/div>\n\t\t\t\t<\/div>\n\t\t\t\t<\/div>\n\t\t<div class=\"elementor-element elementor-element-0c2d7d4 e-flex e-con-boxed e-con e-parent\" data-id=\"0c2d7d4\" data-element_type=\"container\" data-e-type=\"container\" data-settings=\"{&quot;background_background&quot;:&quot;classic&quot;}\">\n\t\t\t\t\t<div class=\"e-con-inner\">\n\t\t\t\t<div class=\"elementor-element elementor-element-26956d2 elementor-widget elementor-widget-template\" data-id=\"26956d2\" data-element_type=\"widget\" data-e-type=\"widget\" data-widget_type=\"template.default\">\n\t\t\t\t<div class=\"elementor-widget-container\">\n\t\t\t\t\t\t\t<div class=\"elementor-template\">\n\t\t\t\t\t<div data-elementor-type=\"container\" data-elementor-id=\"991836\" class=\"elementor elementor-991836\" data-elementor-post-type=\"elementor_library\">\n\t\t\t\t<div class=\"elementor-element elementor-element-6873d4f1 e-con-full e-flex e-con e-child\" data-id=\"6873d4f1\" data-element_type=\"container\" data-e-type=\"container\">\n\t\t<div class=\"elementor-element elementor-element-4778a906 e-con-full e-flex e-con e-child\" data-id=\"4778a906\" data-element_type=\"container\" data-e-type=\"container\">\n\t\t\t\t<div class=\"elementor-element elementor-element-2cc13d4e elementor-widget elementor-widget-heading\" data-id=\"2cc13d4e\" data-element_type=\"widget\" data-e-type=\"widget\" data-widget_type=\"heading.default\">\n\t\t\t\t<div class=\"elementor-widget-container\">\n\t\t\t\t\t<h2 class=\"elementor-heading-title elementor-size-default\">Testimonios<\/h2>\t\t\t\t<\/div>\n\t\t\t\t<\/div>\n\t\t\t\t<\/div>\n\t\t<div class=\"elementor-element elementor-element-581e2d8a e-con-full e-flex e-con e-child\" data-id=\"581e2d8a\" data-element_type=\"container\" data-e-type=\"container\">\n\t\t<div class=\"elementor-element elementor-element-2af1fe35 e-con-full e-flex e-con e-child\" data-id=\"2af1fe35\" data-element_type=\"container\" data-e-type=\"container\">\n\t\t\t\t<div class=\"elementor-element elementor-element-6581c6ee elementor--star-style-star_unicode elementor-star-rating--align-start rating-testimonios elementor-widget elementor-widget-star-rating\" data-id=\"6581c6ee\" data-element_type=\"widget\" data-e-type=\"widget\" data-widget_type=\"star-rating.default\">\n\t\t\t\t<div class=\"elementor-widget-container\">\n\t\t\t\t\t\t\t<div class=\"elementor-star-rating__wrapper\">\n\t\t\t\t\t\t<div class=\"elementor-star-rating\" itemtype=\"http:\/\/schema.org\/Rating\" itemscope=\"\" itemprop=\"reviewRating\">\n\t\t\t\t<i class=\"elementor-star-full\" aria-hidden=\"true\">&#9733;<\/i><i class=\"elementor-star-full\" aria-hidden=\"true\">&#9733;<\/i><i class=\"elementor-star-full\" aria-hidden=\"true\">&#9733;<\/i><i class=\"elementor-star-full\" aria-hidden=\"true\">&#9733;<\/i><i class=\"elementor-star-full\" aria-hidden=\"true\">&#9733;<\/i>\t\t\t\t<span itemprop=\"ratingValue\" class=\"elementor-screen-only\">Rated 5 out of 5<\/span>\n\t\t\t<\/div>\n\t\t<\/div>\n\t\t\t\t\t\t<\/div>\n\t\t\t\t<\/div>\n\t\t\t\t<div class=\"elementor-element elementor-element-430cd13c elementor-blockquote--skin-clean elementor-blockquote--align-left elementor-widget elementor-widget-blockquote\" data-id=\"430cd13c\" data-element_type=\"widget\" data-e-type=\"widget\" data-widget_type=\"blockquote.default\">\n\t\t\t\t<div class=\"elementor-widget-container\">\n\t\t\t\t\t\t\t<blockquote class=\"elementor-blockquote\">\n\t\t\t<p class=\"elementor-blockquote__content\">\n\t\t\t\tDel Rub\u00ed que me compr\u00e9 en el viaje a Kenia y con dos piezas que ten\u00eda abandonadas en mi joyero me han montado un colgante de oro y plata muy a mi estilo . Me encanta!!\t\t\t<\/p>\n\t\t\t\t\t<\/blockquote>\n\t\t\t\t\t\t<\/div>\n\t\t\t\t<\/div>\n\t\t\t\t<\/div>\n\t\t<div class=\"elementor-element elementor-element-77af9429 e-con-full e-flex e-con e-child\" data-id=\"77af9429\" data-element_type=\"container\" data-e-type=\"container\">\n\t\t\t\t<div class=\"elementor-element elementor-element-1734ae85 elementor--star-style-star_unicode elementor-star-rating--align-start rating-testimonios elementor-widget elementor-widget-star-rating\" data-id=\"1734ae85\" data-element_type=\"widget\" data-e-type=\"widget\" data-widget_type=\"star-rating.default\">\n\t\t\t\t<div class=\"elementor-widget-container\">\n\t\t\t\t\t\t\t<div class=\"elementor-star-rating__wrapper\">\n\t\t\t\t\t\t<div class=\"elementor-star-rating\" itemtype=\"http:\/\/schema.org\/Rating\" itemscope=\"\" itemprop=\"reviewRating\">\n\t\t\t\t<i class=\"elementor-star-full\" aria-hidden=\"true\">&#9733;<\/i><i class=\"elementor-star-full\" aria-hidden=\"true\">&#9733;<\/i><i class=\"elementor-star-full\" aria-hidden=\"true\">&#9733;<\/i><i class=\"elementor-star-full\" aria-hidden=\"true\">&#9733;<\/i><i class=\"elementor-star-full\" aria-hidden=\"true\">&#9733;<\/i>\t\t\t\t<span itemprop=\"ratingValue\" class=\"elementor-screen-only\">Rated 5 out of 5<\/span>\n\t\t\t<\/div>\n\t\t<\/div>\n\t\t\t\t\t\t<\/div>\n\t\t\t\t<\/div>\n\t\t\t\t<div class=\"elementor-element elementor-element-16727a84 elementor-blockquote--skin-clean elementor-blockquote--align-left elementor-widget elementor-widget-blockquote\" data-id=\"16727a84\" data-element_type=\"widget\" data-e-type=\"widget\" data-widget_type=\"blockquote.default\">\n\t\t\t\t<div class=\"elementor-widget-container\">\n\t\t\t\t\t\t\t<blockquote class=\"elementor-blockquote\">\n\t\t\t<p class=\"elementor-blockquote__content\">\n\t\t\t\tLas alianzas de mis padres y mi anillo de compromiso con algunos recuerdos m\u00e1s, han servido como base para crear este anillo espectacular. Todos mis sentimientos en un anillo.\t\t\t<\/p>\n\t\t\t\t\t<\/blockquote>\n\t\t\t\t\t\t<\/div>\n\t\t\t\t<\/div>\n\t\t\t\t<\/div>\n\t\t\t\t<\/div>\n\t\t\t\t<\/div>\n\t\t\t\t<\/div>\n\t\t\t\t<\/div>\n\t\t\t\t\t\t<\/div>\n\t\t\t\t<\/div>\n\t\t\t\t\t<\/div>\n\t\t\t\t<\/div>\n\t\t\t\t<\/div>\n\t\t","protected":false},"excerpt":{"rendered":"<p>Inicio Transformaci\u00f3n de joyas en Barcelona Recicla tus joyas antiguas que ya no utilices para crear una nueva. Contactanos Joyas Personalizadas Hacemos realidad tus sue\u00f1os en forma de joyas \u00fanicas. Tienes una idea en mente o una joya especial en la que est\u00e1s pensando? Estamos aqu\u00ed para ayudarte a dise\u00f1arla. Deja que tu creatividad vuele&#8230;<\/p>","protected":false},"author":1,"featured_media":0,"parent":0,"menu_order":0,"comment_status":"closed","ping_status":"closed","template":"","meta":{"footnotes":""},"class_list":["post-990796","page","type-page","status-publish","hentry"],"_links":{"self":[{"href":"https:\/\/lidajoies.com\/ca\/wp-json\/wp\/v2\/pages\/990796","targetHints":{"allow":["GET"]}}],"collection":[{"href":"https:\/\/lidajoies.com\/ca\/wp-json\/wp\/v2\/pages"}],"about":[{"href":"https:\/\/lidajoies.com\/ca\/wp-json\/wp\/v2\/types\/page"}],"author":[{"embeddable":true,"href":"https:\/\/lidajoies.com\/ca\/wp-json\/wp\/v2\/users\/1"}],"replies":[{"embeddable":true,"href":"https:\/\/lidajoies.com\/ca\/wp-json\/wp\/v2\/comments?post=990796"}],"version-history":[{"count":148,"href":"https:\/\/lidajoies.com\/ca\/wp-json\/wp\/v2\/pages\/990796\/revisions"}],"predecessor-version":[{"id":994882,"href":"https:\/\/lidajoies.com\/ca\/wp-json\/wp\/v2\/pages\/990796\/revisions\/994882"}],"wp:attachment":[{"href":"https:\/\/lidajoies.com\/ca\/wp-json\/wp\/v2\/media?parent=990796"}],"curies":[{"name":"wp","href":"https:\/\/api.w.org\/{rel}","templated":true}]}}