{"id":992933,"date":"2025-07-15T09:59:13","date_gmt":"2025-07-15T09:59:13","guid":{"rendered":"https:\/\/lidajoies.com\/?page_id=992933"},"modified":"2025-09-05T10:43:24","modified_gmt":"2025-09-05T10:43:24","slug":"avis-legal","status":"publish","type":"page","link":"https:\/\/lidajoies.com\/ca\/aviso-legal\/","title":{"rendered":"Av\u00eds legal"},"content":{"rendered":"<div data-elementor-type=\"wp-page\" data-elementor-id=\"992933\" class=\"elementor elementor-992933\" data-elementor-post-type=\"page\">\n\t\t\t\t<div class=\"elementor-element elementor-element-6834918b e-flex e-con-boxed e-con e-parent\" data-id=\"6834918b\" data-element_type=\"container\" data-e-type=\"container\">\n\t\t\t\t\t<div class=\"e-con-inner\">\n\t\t\t\t<div class=\"elementor-element elementor-element-1cf6c10 elementor-widget elementor-widget-heading\" data-id=\"1cf6c10\" data-element_type=\"widget\" data-e-type=\"widget\" data-widget_type=\"heading.default\">\n\t\t\t\t<div class=\"elementor-widget-container\">\n\t\t\t\t\t<h1 class=\"elementor-heading-title elementor-size-default\">Av\u00eds legal<\/h1>\t\t\t\t<\/div>\n\t\t\t\t<\/div>\n\t\t\t\t<div class=\"elementor-element elementor-element-394f3dcc elementor-widget elementor-widget-text-editor\" data-id=\"394f3dcc\" data-element_type=\"widget\" data-e-type=\"widget\" data-widget_type=\"text-editor.default\">\n\t\t\t\t<div class=\"elementor-widget-container\">\n\t\t\t\t\t\t\t\t\t<p><strong>IDENTITAT DEL TITULAR DEL LLOC WEB<\/strong><\/p>\n<p><!-- \/wp:paragraph --><!-- wp:paragraph --><\/p>\n<p><strong>Nom comercial: <span style=\"font-weight: 400;\">LIDAJOIES BARCELONA<\/span><\/strong><\/p>\n<p><!-- \/wp:paragraph --><!-- wp:paragraph --><\/p>\n<p><strong>Denominaci\u00f3 social: <span style=\"font-weight: 400;\">CRISTINA MALET HERNANDEZ<\/span><\/strong><\/p>\n<p><!-- \/wp:paragraph --><!-- wp:paragraph --><\/p>\n<p><strong>NIF:&nbsp;<\/strong><b>NIF \/ CIF:&nbsp;<\/b>36565789K<\/p>\n<p><!-- \/wp:paragraph --><!-- wp:paragraph --><\/p>\n<p><strong>Adre\u00e7a: <\/strong>VAL\u00c8NCIA 186<\/p>\n<p><!-- \/wp:paragraph --><!-- wp:paragraph --><\/p>\n<p><strong>Tel\u00e8fon:&nbsp;<\/strong>+37 686079354<\/p>\n<p><!-- \/wp:paragraph --><!-- wp:paragraph --><\/p>\n<p><strong>eMail: <\/strong>lida@lidajoies.com<\/p>\n<p><!-- \/wp:paragraph --><!-- wp:paragraph --><\/p>\n<p><strong>TERMES LEGALS I CONDICIONS<\/strong><\/p>\n<p><!-- \/wp:paragraph --><!-- wp:paragraph --><\/p>\n<p>La utilitzaci\u00f3 d&#039;aquest lloc web atribueix al navegant la condici\u00f3 d&#039;usuari del lloc, cosa que implica l&#039;adhesi\u00f3 a aquestes condicions a la versi\u00f3 publicada en el moment en qu\u00e8 es permeti l&#039;entrada. Per aix\u00f2, EL TITULAR DE LA WEB recomana a l&#039;usuari llegir-les atentament cada vegada que accedeixi al lloc web. L&#039;acc\u00e9s a determinats continguts oferts a trav\u00e9s d&#039;aquest lloc web es pot trobar sotm\u00e8s a certes condicions particulars pr\u00f2pies que, segons els casos, substitueixen, completen i\/o modifiquen aquestes condicions generals. Per tant, amb anterioritat a l&#039;acc\u00e9s i\/o utilitzaci\u00f3 d&#039;aquests continguts, l&#039;usuari ha de llegir atentament tamb\u00e9 les condicions particulars corresponents. EL TITULAR DEL WEB podr\u00e0 alterar en qualsevol moment i sense previ av\u00eds, el disseny, presentaci\u00f3 i\/o configuraci\u00f3 del lloc web, aix\u00ed com alguns o tots els continguts, i modificar les condicions generals i\/o condicions particulars requerides per utilitzar-los.<\/p>\n<p><!-- \/wp:paragraph --><!-- wp:paragraph --><\/p>\n<p><strong>RESPONSABILITAT I GARANTIA DEL TITULAR DEL WEB<\/strong><\/p>\n<p><!-- \/wp:paragraph --><!-- wp:paragraph --><\/p>\n<p><strong>ACC\u00c9S<\/strong><\/p>\n<p><!-- \/wp:paragraph --><!-- wp:paragraph --><\/p>\n<p>Amb car\u00e0cter general, els usuaris podran accedir al lloc web de forma lliure i gratu\u00efta. Tot i aix\u00f2 EL TITULAR DEL WEB es reserva d&#039;acord amb la legislaci\u00f3 vigent el dret de limitar l&#039;acc\u00e9s a determinades \u00e0rees del lloc web. En aquests casos, com a requisit previ per poder accedir al servei, l&#039;Usuari haur\u00e0 de registrar-se facilitant tota la informaci\u00f3 sol\u00b7licitada, de manera actualitzada i real (veure pol\u00edtica de privadesa). L&#039;\u00fas de la contrasenya \u00e9s personal i intransferible, i no est\u00e0 permesa la cessi\u00f3, ni tan sols temporal, a tercers. En aquest sentit, l&#039;Usuari es compromet a fer-ne un \u00e9s diligent ia mantenir-ne en secret, assumint tota responsabilitat per les conseq\u00fc\u00e8ncies de la seva divulgaci\u00f3 a tercers.<\/p>\n<p><!-- \/wp:paragraph --><!-- wp:paragraph --><\/p>\n<p><strong>CONTINGUTS<\/strong><\/p>\n<p><!-- \/wp:paragraph --><!-- wp:paragraph --><\/p>\n<p>EL TITULAR DE LA WEB es reserva el dret a interrompre l&#039;acc\u00e9s al seu lloc web, aix\u00ed com la prestaci\u00f3 de qualsevol o de tots els continguts que es presten a trav\u00e9s del mateix en qualsevol moment i sense av\u00eds previ, ja sigui per motius t\u00e8cnics, de seguretat, de control, de manteniment, per fallades de subministrament el\u00e8ctric o per qualsevol altra causa. Aquesta interrupci\u00f3 podr\u00e0 tenir car\u00e0cter temporal o definitiu, cas en qu\u00e8 es comunicar\u00e0 aquesta circumst\u00e0ncia als Usuaris, els quals podran patir la p\u00e8rdua, si escau, de la informaci\u00f3 emmagatzemada en els diferents serveis. En conseq\u00fc\u00e8ncia, EL TITULAR DE LA WEB no garanteix la fiabilitat, la disponibilitat ni la continu\u00eftat del seu lloc web ni dels Continguts, tant els propis com els d&#039;altres llocs web als quals es pugui accedir mitjan\u00e7ant enlla\u00e7os, de manera que la utilitzaci\u00f3 dels mateixos per part de l&#039;Usuari es duu a terme pel seu propi compte i risc, sense que, en cap moment, puguin exigir responsabilitats a EL TITULAR DE LA EL TITULAR DEL WEB no ser\u00e0 responsable de qualsevol tipus de perjudici, p\u00e8rdues, reclamacions o despeses de cap tipus, de la informaci\u00f3 adquirida o accedida per oa trav\u00e9s del lloc web, de virus inform\u00e0tics, de fallades operatives o d&#039;interrupcions en el servei o transmissi\u00f3, o fallades a la l\u00ednia. Queda prohibit transmetre o enviar a trav\u00e9s del lloc web qualsevol contingut il\u00b7legal o il\u00b7l\u00edcit, virus inform\u00e0tics, o missatges que, en general, afectin o violin drets d&#039;EL TITULAR DE LA WEB o de tercers.<\/p>\n<p><!-- \/wp:paragraph --><!-- wp:paragraph --><\/p>\n<p><strong>PROPIETAT INDUSTRIAL I INTEL\u00b7LECTUAL<\/strong><\/p>\n<p><!-- \/wp:paragraph --><!-- wp:paragraph --><\/p>\n<p>Aquesta web \u00e9s propietat de EL TITULAR DE LA WEB. Els drets de propietat intel\u00b7lectual i drets d&#039;explotaci\u00f3 i reproducci\u00f3 d&#039;aquesta web, de les seves p\u00e0gines, pantalles, la informaci\u00f3 que contenen, la seva aparen\u00e7a i disseny, aix\u00ed com els vincles que s&#039;estableixin des d&#039;ella a altres p\u00e0gines, en s\u00f3n propietat exclusiva, llevat que s&#039;especifiqui una altra cosa. Totes les denominacions, dissenys i\/o logotips que componen aquesta p\u00e0gina s\u00f3n marques degudament enregistrades. Qualsevol \u00e9s indegut per persona diferent del seu leg\u00f2tim titular podr\u00e0 ser perseguit de conformitat amb la legislaci\u00f3 vigent. Els drets de propietat intel\u00b7lectual i marques de tercers estan destacats convenientment i han de ser respectats per tothom que accedeixi a la web. Nom\u00e9s per a \u00fas personal i privat es permet descarregar els continguts, copiar o imprimir qualsevol p\u00e0gina web. Queda prohibit reproduir, transmetre, modificar o suprimir la informaci\u00f3, contingut o advertiments d&#039;aquest web sense la pr\u00e8via autoritzaci\u00f3 escrita d&#039;EL TITULAR DE LA WEB.<\/p>\n<p><!-- \/wp:paragraph --><!-- wp:paragraph --><\/p>\n<p><strong>LEGISLACI\u00d3 APLICABLE<\/strong><\/p>\n<p><!-- \/wp:paragraph --><!-- wp:paragraph --><\/p>\n<p>Aquestes condicions generals es regeixen per la legislaci\u00f3 espanyola.<\/p>\n<p><!-- \/wp:paragraph --><!-- wp:paragraph --><\/p>\n<p><strong>POL\u00cdTICA DE PRIVACITAT<\/strong><\/p>\n<p><!-- \/wp:paragraph --><!-- wp:paragraph --><\/p>\n<p>A efectes del que disposa la normativa vigent relativa a la protecci\u00f3 de dades de car\u00e0cter personal, EL TITULAR DE LA WEB informa que les dades personals que ens pogu\u00e9s facilitar durant la navegaci\u00f3 pel nostre lloc web seran incorporades a un tractament de dades de responsabilitat de EL TITULAR DE LA WEB, amb l&#039;\u00fanica finalitat de poder gestionar la vostra petici\u00f3. Nom\u00e9s en cas que l&#039;usuari hagi donat el seu consentiment expr\u00e9s, EL TITULAR DEL WEB us enviar\u00e0 informaci\u00f3; t\u00e8cnica, operativa i comercial, per qualsevol mitj\u00e0, incl\u00f2s el correu electr\u00f2nic i\/o mitj\u00e0 equivalent, sobre productes, serveis, ofertes i novetats que considerem dinter\u00e8s per lusuari. EL TITULAR DEL WEB es compromet al compliment de la seva obligaci\u00f3 de secret de les dades de car\u00e0cter personal i del seu deure de guardar i adoptar\u00e0 les mesures necess\u00e0ries per evitar la seva alteraci\u00f3, p\u00e8rdua, tractament o acc\u00e9s no autoritzat, tenint en compte en tot moment l&#039;estat de la tecnologia, complint les mesures de seguretat t\u00e8cniques i organitzatives. Finalment, us informem sobre la possibilitat d&#039;exercitar els drets d&#039;acc\u00e9s, rectificaci\u00f3, cancel\u00b7laci\u00f3 i oposici\u00f3 mitjan\u00e7ant formulari dirigit a l&#039;administrador del sistema.<\/p>\n<p><!-- \/wp:paragraph --><\/p>\t\t\t\t\t\t\t\t<\/div>\n\t\t\t\t<\/div>\n\t\t\t\t\t<\/div>\n\t\t\t\t<\/div>\n\t\t\t\t<\/div>","protected":false},"excerpt":{"rendered":"<p>IDENTIDAD DEL TITULAR DEL SITIO WEB Nombre comercial: LIDAJOIES BARCELONA Denominaci\u00f3n social: CRISTINA MALET HERNANDEZ NIF:&nbsp;NIF \/ CIF:&nbsp;36565789K Direcci\u00f3n: VALENCIA 186 Tel\u00e9fono:&nbsp;+37 686079354 eMail: lida@lidajoies.com T\u00c9RMINOS LEGALES Y CONDICIONES La utilizaci\u00f3n de este sitio web atribuye al navegante la condici\u00f3n de usuario del sitio, lo que implica la adhesi\u00f3n a las presentes condiciones en la&#8230;<\/p>","protected":false},"author":1,"featured_media":0,"parent":0,"menu_order":0,"comment_status":"closed","ping_status":"closed","template":"","meta":{"footnotes":""},"class_list":["post-992933","page","type-page","status-publish","hentry"],"_links":{"self":[{"href":"https:\/\/lidajoies.com\/ca\/wp-json\/wp\/v2\/pages\/992933","targetHints":{"allow":["GET"]}}],"collection":[{"href":"https:\/\/lidajoies.com\/ca\/wp-json\/wp\/v2\/pages"}],"about":[{"href":"https:\/\/lidajoies.com\/ca\/wp-json\/wp\/v2\/types\/page"}],"author":[{"embeddable":true,"href":"https:\/\/lidajoies.com\/ca\/wp-json\/wp\/v2\/users\/1"}],"replies":[{"embeddable":true,"href":"https:\/\/lidajoies.com\/ca\/wp-json\/wp\/v2\/comments?post=992933"}],"version-history":[{"count":6,"href":"https:\/\/lidajoies.com\/ca\/wp-json\/wp\/v2\/pages\/992933\/revisions"}],"predecessor-version":[{"id":993772,"href":"https:\/\/lidajoies.com\/ca\/wp-json\/wp\/v2\/pages\/992933\/revisions\/993772"}],"wp:attachment":[{"href":"https:\/\/lidajoies.com\/ca\/wp-json\/wp\/v2\/media?parent=992933"}],"curies":[{"name":"wp","href":"https:\/\/api.w.org\/{rel}","templated":true}]}}