{"id":992941,"date":"2025-07-15T10:05:46","date_gmt":"2025-07-15T10:05:46","guid":{"rendered":"https:\/\/lidajoies.com\/?page_id=992941"},"modified":"2025-09-05T10:38:32","modified_gmt":"2025-09-05T10:38:32","slug":"declaracio-daccessibilitat","status":"publish","type":"page","link":"https:\/\/lidajoies.com\/ca\/declaracion-de-accesibilidad\/","title":{"rendered":"Declaraci\u00f3 d&#039;accessibilitat"},"content":{"rendered":"<div data-elementor-type=\"wp-page\" data-elementor-id=\"992941\" class=\"elementor elementor-992941\" data-elementor-post-type=\"page\">\n\t\t\t\t<div class=\"elementor-element elementor-element-6834918b e-flex e-con-boxed e-con e-parent\" data-id=\"6834918b\" data-element_type=\"container\" data-e-type=\"container\">\n\t\t\t\t\t<div class=\"e-con-inner\">\n\t\t\t\t<div class=\"elementor-element elementor-element-1cf6c10 elementor-widget elementor-widget-heading\" data-id=\"1cf6c10\" data-element_type=\"widget\" data-e-type=\"widget\" data-widget_type=\"heading.default\">\n\t\t\t\t<div class=\"elementor-widget-container\">\n\t\t\t\t\t<h1 class=\"elementor-heading-title elementor-size-default\">Declaraci\u00f3 d&#039;accessibilitat<\/h1>\t\t\t\t<\/div>\n\t\t\t\t<\/div>\n\t\t\t\t<div class=\"elementor-element elementor-element-394f3dcc elementor-widget elementor-widget-text-editor\" data-id=\"394f3dcc\" data-element_type=\"widget\" data-e-type=\"widget\" data-widget_type=\"text-editor.default\">\n\t\t\t\t<div class=\"elementor-widget-container\">\n\t\t\t\t\t\t\t\t\t<p><span style=\"font-weight: 400;\">Estem compromesos a fer accessible el nostre lloc web de conformitat amb el <\/span><a href=\"https:\/\/www.boe.es\/buscar\/act.php?id=BOE-A-2018-12699\" rel=\"noopener\"><span style=\"font-weight: 400;\">Reial Decret 1112\/2018, de 7 de setembre<\/span><\/a><span style=\"font-weight: 400;\">, sobre accessibilitat dels llocs web i aplicacions per a dispositius m\u00f2bils del sector p\u00fablic (d&#039;ara endavant, Reial Decret 1112\/2018, de 7 de setembre).<\/span><\/p>\n<p><b>Situaci\u00f3 de compliment<\/b><\/p>\n<p><span style=\"font-weight: 400;\">Aquest lloc web \u00e9s <\/span><b>parcialment conforme<\/b><span style=\"font-weight: 400;\"> amb el Reial decret 1112\/2018, de 7 de setembre, a causa de la manca de conformitat dels aspectes que s&#039;indiquen a continuaci\u00f3.<\/span><\/p>\n<p><b>Contingut no accessible<\/b><\/p>\n<p><span style=\"font-weight: 400;\">El contingut que es recull a continuaci\u00f3 no \u00e9s accessible pel seg\u00fcent:<\/span><\/p>\n<ol>\n<li style=\"font-weight: 400;\" aria-level=\"1\"><b>C\u00e0rrega desproporcionada<\/b><span style=\"font-weight: 400;\">: no aplica.<\/span><\/li>\n<\/ol>\n<p><b>Preparaci\u00f3 d&#039;aquesta declaraci\u00f3 d&#039;accessibilitat<\/b><\/p>\n<p><span style=\"font-weight: 400;\">Aquesta declaraci\u00f3 va ser preparada <\/span><span style=\"font-weight: 400;\">el <\/span><b>15 de juliol del 2025<\/b><span style=\"font-weight: 400;\">.<\/span><\/p>\n<p><span style=\"font-weight: 400;\">El m\u00e8tode emprat per preparar la declaraci\u00f3 ha estat una autoavaluaci\u00f3 duta a terme pel mateix organisme.<\/span><\/p>\n<p><b>Observacions i dades de contacte<\/b><\/p>\n<p><span style=\"font-weight: 400;\">Podeu realitzar comunicacions sobre requisits d&#039;accessibilitat (article 10.2.a) del Reial Decret 1112\/2018, de 7 de setembre) com, per exemple:<\/span><\/p>\n<ul>\n<li style=\"font-weight: 400;\" aria-level=\"1\"><span style=\"font-weight: 400;\">Informar sobre qualsevol possible incompliment per part daquest lloc web.<\/span><\/li>\n<li style=\"font-weight: 400;\" aria-level=\"1\"><span style=\"font-weight: 400;\">Transmetre altres dificultats dacc\u00e9s al contingut.<\/span><\/li>\n<li style=\"font-weight: 400;\" aria-level=\"1\"><span style=\"font-weight: 400;\">Formular qualsevol altra consulta o suggeriment de millora relativa a laccessibilitat del lloc web.<\/span><\/li>\n<\/ul>\n<p><span style=\"font-weight: 400;\">A trav\u00e9s de les vies seg\u00fcents:<\/span><\/p>\n<ul>\n<li aria-level=\"1\"><span style=\"font-weight: 400;\">Correu electr\u00f2nic:&nbsp;<\/span><b>lida@lidajoies.com<\/b><\/li>\n<li aria-level=\"1\"><span style=\"font-weight: 400;\">Tel\u00e8fon: <\/span><b>+37 686079354<\/b><\/li>\n<\/ul>\n<p><span style=\"font-weight: 400;\">Les comunicacions seran rebudes i tractades per l&#039;adre\u00e7a de l&#039;empresa com a unitat responsable dels continguts d&#039;aquest lloc web.<\/span><\/p>\n<p><b>Contingut opcional<\/b><\/p>\n<p><span style=\"font-weight: 400;\">La versi\u00f3 visible d&#039;aquest lloc web actualment <\/span><span style=\"font-weight: 400;\">\u00e9s de<\/span><span style=\"font-style: normal; font-variant-ligatures: normal; font-variant-caps: normal; font-weight: bold; font-size: 18px; font-family: Montserrat, sans-serif;\">&nbsp;juliol del 2025<\/span><span style=\"font-weight: 400;\">&nbsp;i en aquesta data es va fer la revisi\u00f3 del nivell daccessibilitat vigent en el moment.<\/span><\/p>\n<p><span style=\"font-weight: 400;\">A partir de la data esmentada es duen a terme revisions parcials di\u00e0ries del contingut web nou o modificat, tant de les plantilles com de les p\u00e0gines i documents finals publicats, a fi d&#039;assegurar el compliment dels requeriments d&#039;accessibilitat de la Norma UNE-EN 301549:2019, considerant les excepcions del Reial decret 1112\/7 de setembre.<\/span><\/p>\n<p><span style=\"font-weight: 400;\">Entre altres, s&#039;adopten les mesures seg\u00fcents per facilitar l&#039;accessibilitat:<\/span><\/p>\n<ul>\n<li style=\"font-weight: 400;\" aria-level=\"1\"><span style=\"font-weight: 400;\">Utilitzaci\u00f3 de text alternatiu a les imatges<\/span><\/li>\n<li style=\"font-weight: 400;\" aria-level=\"1\"><span style=\"font-weight: 400;\">Els enlla\u00e7os ofereixen detalls de la funci\u00f3 o destinaci\u00f3 de l&#039;hiperenlla\u00e7<\/span><\/li>\n<li style=\"font-weight: 400;\" aria-level=\"1\"><span style=\"font-weight: 400;\">\u00das dels est\u00e0ndards del W3C: XHTML 1.0, CSS 3.0, WAI AA.<\/span><\/li>\n<\/ul>\t\t\t\t\t\t\t\t<\/div>\n\t\t\t\t<\/div>\n\t\t\t\t\t<\/div>\n\t\t\t\t<\/div>\n\t\t\t\t<\/div>","protected":false},"excerpt":{"rendered":"<p>Estamos comprometidos a hacer accesible nuestro sitio web de conformidad con el Real Decreto 1112\/2018, de 7 de septiembre, sobre accesibilidad de los sitios web y aplicaciones para dispositivos m\u00f3viles del sector p\u00fablico (en adelante, Real Decreto 1112\/2018, de 7 de septiembre). Situaci\u00f3n de cumplimiento Este sitio web es parcialmente conforme con el Real Decreto&#8230;<\/p>","protected":false},"author":1,"featured_media":0,"parent":0,"menu_order":0,"comment_status":"closed","ping_status":"closed","template":"","meta":{"footnotes":""},"class_list":["post-992941","page","type-page","status-publish","hentry"],"_links":{"self":[{"href":"https:\/\/lidajoies.com\/ca\/wp-json\/wp\/v2\/pages\/992941","targetHints":{"allow":["GET"]}}],"collection":[{"href":"https:\/\/lidajoies.com\/ca\/wp-json\/wp\/v2\/pages"}],"about":[{"href":"https:\/\/lidajoies.com\/ca\/wp-json\/wp\/v2\/types\/page"}],"author":[{"embeddable":true,"href":"https:\/\/lidajoies.com\/ca\/wp-json\/wp\/v2\/users\/1"}],"replies":[{"embeddable":true,"href":"https:\/\/lidajoies.com\/ca\/wp-json\/wp\/v2\/comments?post=992941"}],"version-history":[{"count":6,"href":"https:\/\/lidajoies.com\/ca\/wp-json\/wp\/v2\/pages\/992941\/revisions"}],"predecessor-version":[{"id":993766,"href":"https:\/\/lidajoies.com\/ca\/wp-json\/wp\/v2\/pages\/992941\/revisions\/993766"}],"wp:attachment":[{"href":"https:\/\/lidajoies.com\/ca\/wp-json\/wp\/v2\/media?parent=992941"}],"curies":[{"name":"wp","href":"https:\/\/api.w.org\/{rel}","templated":true}]}}