{"id":993237,"date":"2025-07-18T14:57:35","date_gmt":"2025-07-18T14:57:35","guid":{"rendered":"https:\/\/lidajoies.com\/?page_id=993237"},"modified":"2025-09-05T10:42:48","modified_gmt":"2025-09-05T10:42:48","slug":"enviaments-i-devolucions","status":"publish","type":"page","link":"https:\/\/lidajoies.com\/ca\/envios-y-devoluciones\/","title":{"rendered":"Enviaments i devolucions"},"content":{"rendered":"<div data-elementor-type=\"wp-page\" data-elementor-id=\"993237\" class=\"elementor elementor-993237\" data-elementor-post-type=\"page\">\n\t\t\t\t<div class=\"elementor-element elementor-element-6834918b e-flex e-con-boxed e-con e-parent\" data-id=\"6834918b\" data-element_type=\"container\" data-e-type=\"container\">\n\t\t\t\t\t<div class=\"e-con-inner\">\n\t\t\t\t<div class=\"elementor-element elementor-element-1cf6c10 elementor-widget elementor-widget-heading\" data-id=\"1cf6c10\" data-element_type=\"widget\" data-e-type=\"widget\" data-widget_type=\"heading.default\">\n\t\t\t\t<div class=\"elementor-widget-container\">\n\t\t\t\t\t<h1 class=\"elementor-heading-title elementor-size-default\">Enviaments i devolucions<\/h1>\t\t\t\t<\/div>\n\t\t\t\t<\/div>\n\t\t\t\t<div class=\"elementor-element elementor-element-394f3dcc elementor-widget elementor-widget-text-editor\" data-id=\"394f3dcc\" data-element_type=\"widget\" data-e-type=\"widget\" data-widget_type=\"text-editor.default\">\n\t\t\t\t<div class=\"elementor-widget-container\">\n\t\t\t\t\t\t\t\t\t<p><strong>Enviament del paquet<\/strong><br \/>De dilluns a divendres de <strong>10h a 20.30h<\/strong>. Dissabtes de <strong>10h a 14h.<\/strong><\/p><p>Per resoldre qualsevol dubte: tel\u00e8fon <strong>00 34 93 45315 80<\/strong> o e-mail: <strong>lida@lidajoies.com<\/strong><\/p><p>Si la teva comanda est\u00e0 en estoc la tramitarem en 24h. Si la teva comanda s&#039;ha de produir o demanes un anell a mida, ens posarem en contacte amb tu per concretar el temps que trigarem a fabricar-ho.<\/p><p><strong>ENVIAMENTS:<\/strong><br \/>El preu de l&#039;enviament varia segons la destinaci\u00f3.<\/p><p><strong>PEN\u00cdNSULA I BALEARS<\/strong><br \/>-Per a totes les compres superiors a 100\u20ac, l&#039;enviament \u00e9s gratu\u00eft<\/p><p>\u2013 Lliurament en 24 hores a la Pen\u00ednsula. Illes Balears de <span style=\"font-weight: 400;\">24 a 72 hores.<\/span><\/p><p>\u2013 El preu de l&#039;enviament en imports inferiors a 100\u20ac \u00e9s de 8.50\u20ac.<\/p><p>\u2013 Els enviaments es faran per l&#039;ag\u00e8ncia de missatgeria de MRW o Nacex.<\/p><p>Si el lliurament sha de fer amb urg\u00e8ncia o dins una franja hor\u00e0ria concreta, el preu de la tramesa pot variar.<\/p><p><strong>ILLES CAN\u00c0RIES, CEUTA I MELILLA<\/strong><br \/><span style=\"font-weight: 400;\">No es fan enviaments.<\/span><\/p><p><strong>EUROPEAN UNI\u00d3 I ENVIAMENTS INTERNACIONALS<\/strong><br \/><span style=\"font-weight: 400;\">Els enviaments a Europa i destinacions internacionals es faran per carta certificada, el temps de lliurament i el cost de l&#039;enviament dependr\u00e0 de la destinaci\u00f3. Consulta&#039;ns i t&#039;informarem.<\/span><\/p><p><strong>LIDAJOIES BARCELONA<br \/><\/strong>No es fa responsable de les despeses addicionals de duanes i aranzels, ni dels retards en els lliuraments per causes alienes a l&#039;empresa o per dades err\u00f2nies del destinatari.<\/p><p><strong>CANCEL\u00b7LACIONS:<\/strong><br \/>A la nostra web www.lidajoies.com no \u00e9s possible cancel\u00b7lar una comanda una vegada realitzat el pagament. Podeu tornar el producte una vegada rebut, disposa de 5 dies per a la seva devoluci\u00f3, des de la recepci\u00f3 del producte.<\/p><p><strong>DEVOLUCIONS:<\/strong><\/p><p><span style=\"font-weight: 400;\">En cas de rebre un paquet amb l&#039;embolcall defectu\u00f3s, ho has de fer constar a l&#039;albar\u00e0 de lliurament o rebutjar-lo.<\/span><\/p><p><span style=\"font-weight: 400;\">Si no est\u00e0s conforme amb all\u00f2 rebut tens un termini de 24h per reportar-nos la incid\u00e8ncia, posa&#039;t en contacte amb LIDAJOIES Barcelona mitjan\u00e7ant el nostre correu electr\u00f2nic\u00a0<\/span><a href=\"mailto:lida@lidajoies.com\"><span style=\"font-weight: 400;\">lida@lidajoies.com<\/span><\/a><\/p><p><b>Si es tracta d&#039;una devoluci\u00f3 per trencament o mal estat del producte rebut, indica&#039;ns el motiu i ens posarem en contacte amb tu.<\/b><\/p><p><span style=\"font-weight: 400;\">En aquest cas, l&#039;enviament de devoluci\u00f3 anir\u00e0 a c\u00e0rrec nostre. El reemborsament pels productes tornats s&#039;efectuar\u00e0 quan la devoluci\u00f3 ens arribi a nosaltres i ho revisem. T&#039;avisarem quan s&#039;efectu\u00ef la devoluci\u00f3 de l&#039;import<\/span><span style=\"font-weight: 400;\">.<\/span><\/p><p><span style=\"font-weight: 400;\">En cas que la joia no compleixi les teves expectatives, disposes de 5 dies per a la seva devoluci\u00f3, des de la recepci\u00f3 del producte. En aquest cas us tornem l&#039;import \u00edntegre de la joia. Els ports d&#039;aquesta devoluci\u00f3 seran a c\u00e0rrec teu. Un cop LIDAJOIES rebi el producte revisar\u00e0 que estigui en perfecte estat i sense signes d\u00fas per procedir a la devoluci\u00f3 de limport.<\/span><\/p><p><span style=\"font-weight: 400;\">Tan bon punt rebem la teva sol\u00b7licitud de devoluci\u00f3 contactarem amb tu per procedir<\/span><span style=\"font-weight: 400;\">.<\/span><\/p><p><span style=\"font-weight: 400;\">Queden excloses les devolucions de les joies personalitzades o enc\u00e0rrecs especials.<\/span><\/p>\t\t\t\t\t\t\t\t<\/div>\n\t\t\t\t<\/div>\n\t\t\t\t\t<\/div>\n\t\t\t\t<\/div>\n\t\t\t\t<\/div>","protected":false},"excerpt":{"rendered":"<p>Env\u00edos y devoluciones Env\u00edo del paqueteDe lunes a viernes de 10h a 20.30h. S\u00e1bados de 10h a 14h. Para resolver cualquier duda: tel\u00e9fono 00 34 93 45315 80 o e-mail: lida@lidajoies.com Si tu pedido est\u00e1 en stock lo tramitaremos en 24h. Si tu pedido se ha de producir o pides un anillo a medida, nos&#8230;<\/p>","protected":false},"author":1,"featured_media":0,"parent":0,"menu_order":0,"comment_status":"closed","ping_status":"closed","template":"","meta":{"footnotes":""},"class_list":["post-993237","page","type-page","status-publish","hentry"],"_links":{"self":[{"href":"https:\/\/lidajoies.com\/ca\/wp-json\/wp\/v2\/pages\/993237","targetHints":{"allow":["GET"]}}],"collection":[{"href":"https:\/\/lidajoies.com\/ca\/wp-json\/wp\/v2\/pages"}],"about":[{"href":"https:\/\/lidajoies.com\/ca\/wp-json\/wp\/v2\/types\/page"}],"author":[{"embeddable":true,"href":"https:\/\/lidajoies.com\/ca\/wp-json\/wp\/v2\/users\/1"}],"replies":[{"embeddable":true,"href":"https:\/\/lidajoies.com\/ca\/wp-json\/wp\/v2\/comments?post=993237"}],"version-history":[{"count":9,"href":"https:\/\/lidajoies.com\/ca\/wp-json\/wp\/v2\/pages\/993237\/revisions"}],"predecessor-version":[{"id":993769,"href":"https:\/\/lidajoies.com\/ca\/wp-json\/wp\/v2\/pages\/993237\/revisions\/993769"}],"wp:attachment":[{"href":"https:\/\/lidajoies.com\/ca\/wp-json\/wp\/v2\/media?parent=993237"}],"curies":[{"name":"wp","href":"https:\/\/api.w.org\/{rel}","templated":true}]}}