{"id":993427,"date":"2025-08-27T13:33:06","date_gmt":"2025-08-27T13:33:06","guid":{"rendered":"https:\/\/lidajoies.com\/?page_id=993427"},"modified":"2025-11-24T09:34:15","modified_gmt":"2025-11-24T09:34:15","slug":"reciclatge","status":"publish","type":"page","link":"https:\/\/lidajoies.com\/ca\/reciclaje\/","title":{"rendered":"Reciclatge"},"content":{"rendered":"<div data-elementor-type=\"wp-page\" data-elementor-id=\"993427\" class=\"elementor elementor-993427\" data-elementor-post-type=\"page\">\n\t\t\t\t<div class=\"elementor-element elementor-element-61deb42 e-con-full e-flex e-con e-parent\" data-id=\"61deb42\" data-element_type=\"container\" data-e-type=\"container\" data-settings=\"{&quot;background_background&quot;:&quot;classic&quot;}\">\n\t\t\t\t<div class=\"elementor-element elementor-element-b08c998 elementor-widget__width-initial elementor-invisible elementor-widget elementor-widget-image\" data-id=\"b08c998\" data-element_type=\"widget\" data-e-type=\"widget\" data-settings=\"{&quot;_animation&quot;:&quot;imageGrowWithScaleLeft&quot;,&quot;_animation_tablet&quot;:&quot;none&quot;,&quot;_animation_mobile&quot;:&quot;none&quot;}\" data-widget_type=\"image.default\">\n\t\t\t\t<div class=\"elementor-widget-container\">\n\t\t\t\t\t\t\t\t\t<div class=\"elementor-image\">\n\t\t\t\t\t\t\t\t\t\t\t<div class=\"vamtam-image-wrapper\">\n\t\t\t\t\t\t\t\t\t\t\t\t\t\t\t\t\t\t\t\t\t<img fetchpriority=\"high\" decoding=\"async\" width=\"2560\" height=\"1707\" src=\"https:\/\/lidajoies.com\/wp-content\/uploads\/2025\/07\/RECICLAJE-PASO-1_OP-scaled.webp\" class=\"attachment-full size-full wp-image-993316\" alt=\"\" srcset=\"https:\/\/lidajoies.com\/wp-content\/uploads\/2025\/07\/RECICLAJE-PASO-1_OP-scaled.webp 2560w, https:\/\/lidajoies.com\/wp-content\/uploads\/2025\/07\/RECICLAJE-PASO-1_OP-scaled-600x400.webp 600w, https:\/\/lidajoies.com\/wp-content\/uploads\/2025\/07\/RECICLAJE-PASO-1_OP-scaled-300x200.webp 300w, https:\/\/lidajoies.com\/wp-content\/uploads\/2025\/07\/RECICLAJE-PASO-1_OP-scaled-1024x683.webp 1024w, https:\/\/lidajoies.com\/wp-content\/uploads\/2025\/07\/RECICLAJE-PASO-1_OP-scaled-768x512.webp 768w, https:\/\/lidajoies.com\/wp-content\/uploads\/2025\/07\/RECICLAJE-PASO-1_OP-scaled-1536x1024.webp 1536w, https:\/\/lidajoies.com\/wp-content\/uploads\/2025\/07\/RECICLAJE-PASO-1_OP-scaled-2048x1366.webp 2048w, https:\/\/lidajoies.com\/wp-content\/uploads\/2025\/07\/RECICLAJE-PASO-1_OP-scaled-18x12.webp 18w, https:\/\/lidajoies.com\/wp-content\/uploads\/2025\/07\/RECICLAJE-PASO-1_OP-scaled-1200x800.webp 1200w\" sizes=\"(max-width: 2560px) 100vw, 2560px\" title=\"\">\t\t\t\t\t\t\t\t\t\t\t\t\t\t\t\t\t\t\t\t\t\t\t\t\t\t<\/div>\n\t\t\t\t\t\t\t\t\t<\/div>\n\t\t\t\t\t\t\t\t<\/div>\n\t\t\t\t<\/div>\n\t\t<div class=\"elementor-element elementor-element-3e575c2 animated-slow e-flex e-con-boxed elementor-invisible e-con e-child\" data-id=\"3e575c2\" data-element_type=\"container\" data-e-type=\"container\" data-settings=\"{&quot;position&quot;:&quot;absolute&quot;,&quot;animation&quot;:&quot;fadeIn&quot;,&quot;animation_delay&quot;:2000}\">\n\t\t\t\t\t<div class=\"e-con-inner\">\n\t\t\t\t<div class=\"elementor-element elementor-element-7511939 elementor-widget elementor-widget-breadcrumbs\" data-id=\"7511939\" data-element_type=\"widget\" data-e-type=\"widget\" data-widget_type=\"breadcrumbs.default\">\n\t\t\t\t<div class=\"elementor-widget-container\">\n\t\t\t\t\t<nav aria-label=\"breadcrumbs\" class=\"rank-math-breadcrumb\"><p><span class=\"last\">Inici<\/span><\/p><\/nav>\t\t\t\t<\/div>\n\t\t\t\t<\/div>\n\t\t\t\t<div class=\"elementor-element elementor-element-5d45a42 elementor-widget elementor-widget-heading\" data-id=\"5d45a42\" data-element_type=\"widget\" data-e-type=\"widget\" data-widget_type=\"heading.default\">\n\t\t\t\t<div class=\"elementor-widget-container\">\n\t\t\t\t\t<h1 class=\"elementor-heading-title elementor-size-default\">Reciclatge<\/h1>\t\t\t\t<\/div>\n\t\t\t\t<\/div>\n\t\t\t\t<div class=\"elementor-element elementor-element-c0294fd elementor-widget elementor-widget-heading\" data-id=\"c0294fd\" data-element_type=\"widget\" data-e-type=\"widget\" data-widget_type=\"heading.default\">\n\t\t\t\t<div class=\"elementor-widget-container\">\n\t\t\t\t\t<h2 class=\"elementor-heading-title elementor-size-default\">Donem nova vida a les teves peces m\u00e9s especials.<\/h2>\t\t\t\t<\/div>\n\t\t\t\t<\/div>\n\t\t\t\t<div class=\"elementor-element elementor-element-b692705 elementor-button-bijoux-alt elementor-tablet-align-center elementor-mobile-align-left elementor-widget elementor-widget-button\" data-id=\"b692705\" data-element_type=\"widget\" data-e-type=\"widget\" data-widget_type=\"button.default\">\n\t\t\t\t<div class=\"elementor-widget-container\">\n\t\t\t\t\t\t\t\t\t<div class=\"elementor-button-wrapper\">\n\t\t\t\t\t<a href=\"https:\/\/lidajoies.com\/ca\/contacto\/\" class=\"elementor-button-link elementor-button\" role=\"button\">\n\t\t\t\t\t\t\t\t\t\t\t\t\t\t\t<span class=\"elementor-button-content-wrapper\"><span class=\"vamtam-prefix\"><\/span>\n\t\t\t\t\t\t\t\t\t<span class=\"elementor-button-text\">Contacta&#039;ns<\/span>\n\t\t\t\t\t<\/span>\n\t\t\t\t\t\t\t\t\t\t\t\t\t<\/a>\n\t\t\t\t<\/div>\n\t\t\t\t\t\t\t\t<\/div>\n\t\t\t\t<\/div>\n\t\t\t\t\t<\/div>\n\t\t\t\t<\/div>\n\t\t\t\t<\/div>\n\t\t<div class=\"elementor-element elementor-element-d891d2f e-flex e-con-boxed e-con e-parent\" data-id=\"d891d2f\" data-element_type=\"container\" data-e-type=\"container\">\n\t\t\t\t\t<div class=\"e-con-inner\">\n\t\t\t\t<div class=\"elementor-element elementor-element-4ebff5f elementor-widget elementor-widget-heading\" data-id=\"4ebff5f\" data-element_type=\"widget\" data-e-type=\"widget\" data-widget_type=\"heading.default\">\n\t\t\t\t<div class=\"elementor-widget-container\">\n\t\t\t\t\t<p class=\"elementor-heading-title elementor-size-default\">Les joies estan impregnades de sentiments. Potser les hem heretat i que ens recordin a alg\u00fa especial, o que van ser un regal d&#039;un moment \u00fanic\u2026 No obstant, moltes es queden oblidades: antiquades, danyades o simplement ja no reflecteixen el nostre estil.<\/p>\t\t\t\t<\/div>\n\t\t\t\t<\/div>\n\t\t\t\t\t<\/div>\n\t\t\t\t<\/div>\n\t\t<div class=\"elementor-element elementor-element-523807a e-flex e-con-boxed e-con e-parent\" data-id=\"523807a\" data-element_type=\"container\" data-e-type=\"container\" data-settings=\"{&quot;background_background&quot;:&quot;classic&quot;}\">\n\t\t\t\t\t<div class=\"e-con-inner\">\n\t\t<div class=\"elementor-element elementor-element-3c12ff0 e-con-full e-flex e-con e-child\" data-id=\"3c12ff0\" data-element_type=\"container\" data-e-type=\"container\">\n\t\t<div class=\"elementor-element elementor-element-0ce8505 e-con-full e-flex e-con e-child\" data-id=\"0ce8505\" data-element_type=\"container\" data-e-type=\"container\">\n\t\t\t\t<div class=\"elementor-element elementor-element-3263cc0 elementor-widget elementor-widget-image\" data-id=\"3263cc0\" data-element_type=\"widget\" data-e-type=\"widget\" data-widget_type=\"image.default\">\n\t\t\t\t<div class=\"elementor-widget-container\">\n\t\t\t\t\t\t\t\t\t<div class=\"elementor-image\">\n\t\t\t\t\t\t\t\t\t\t\t\t\t\t\t\t\t\t\t\t\t<img decoding=\"async\" width=\"1024\" height=\"683\" src=\"https:\/\/lidajoies.com\/wp-content\/uploads\/2025\/07\/RECICLAJE-PASO-1_OP-scaled-1024x683.webp\" class=\"attachment-large size-large wp-image-993316\" alt=\"\" srcset=\"https:\/\/lidajoies.com\/wp-content\/uploads\/2025\/07\/RECICLAJE-PASO-1_OP-scaled-1024x683.webp 1024w, https:\/\/lidajoies.com\/wp-content\/uploads\/2025\/07\/RECICLAJE-PASO-1_OP-scaled-600x400.webp 600w, https:\/\/lidajoies.com\/wp-content\/uploads\/2025\/07\/RECICLAJE-PASO-1_OP-scaled-300x200.webp 300w, https:\/\/lidajoies.com\/wp-content\/uploads\/2025\/07\/RECICLAJE-PASO-1_OP-scaled-768x512.webp 768w, https:\/\/lidajoies.com\/wp-content\/uploads\/2025\/07\/RECICLAJE-PASO-1_OP-scaled-1536x1024.webp 1536w, https:\/\/lidajoies.com\/wp-content\/uploads\/2025\/07\/RECICLAJE-PASO-1_OP-scaled-2048x1366.webp 2048w, https:\/\/lidajoies.com\/wp-content\/uploads\/2025\/07\/RECICLAJE-PASO-1_OP-scaled-18x12.webp 18w, https:\/\/lidajoies.com\/wp-content\/uploads\/2025\/07\/RECICLAJE-PASO-1_OP-scaled-1200x800.webp 1200w\" sizes=\"(max-width: 1024px) 100vw, 1024px\" title=\"\">\t\t\t\t\t\t\t\t\t\t\t\t\t\t\t\t\t\t\t\t\t\t\t\t<\/div>\n\t\t\t\t\t\t\t\t<\/div>\n\t\t\t\t<\/div>\n\t\t\t\t<\/div>\n\t\t<div class=\"elementor-element elementor-element-e0bd9db e-con-full e-flex e-con e-child\" data-id=\"e0bd9db\" data-element_type=\"container\" data-e-type=\"container\">\n\t\t\t\t<div class=\"elementor-element elementor-element-1dd3931 elementor-widget elementor-widget-text-editor\" data-id=\"1dd3931\" data-element_type=\"widget\" data-e-type=\"widget\" data-widget_type=\"text-editor.default\">\n\t\t\t\t<div class=\"elementor-widget-container\">\n\t\t\t\t\t\t\t\t\t<p><b>Pas 1:<\/b> <strong>Porta el teu or antic<\/strong> <br \/>Vine a veure&#039;ns amb les teves joies d&#039;or antigues o concerta una cita. Escoltem les teves idees, examinem l&#039;or i les pedres, t&#039;assessorem sobre les possibilitats.<\/p>\t\t\t\t\t\t\t\t<\/div>\n\t\t\t\t<\/div>\n\t\t\t\t<\/div>\n\t\t\t\t<\/div>\n\t\t<div class=\"elementor-element elementor-element-0fe28bc e-con-full e-flex e-con e-child\" data-id=\"0fe28bc\" data-element_type=\"container\" data-e-type=\"container\">\n\t\t<div class=\"elementor-element elementor-element-fa69ee9 e-con-full e-flex e-con e-child\" data-id=\"fa69ee9\" data-element_type=\"container\" data-e-type=\"container\">\n\t\t\t\t<div class=\"elementor-element elementor-element-61a9035 elementor-widget elementor-widget-text-editor\" data-id=\"61a9035\" data-element_type=\"widget\" data-e-type=\"widget\" data-widget_type=\"text-editor.default\">\n\t\t\t\t<div class=\"elementor-widget-container\">\n\t\t\t\t\t\t\t\t\t<p><b>Pas 2:<\/b> <strong>Dissenyem junts<\/strong> <br \/>Treballem amb tu per crear esbossos i idees. Busquem un disseny que realment encaixi amb tu, una cosa que t&#039;agradi i que portis amb orgull.<\/p>\t\t\t\t\t\t\t\t<\/div>\n\t\t\t\t<\/div>\n\t\t\t\t<\/div>\n\t\t<div class=\"elementor-element elementor-element-811d8d8 e-con-full e-flex e-con e-child\" data-id=\"811d8d8\" data-element_type=\"container\" data-e-type=\"container\">\n\t\t\t\t<div class=\"elementor-element elementor-element-3335d17 elementor-widget elementor-widget-image\" data-id=\"3335d17\" data-element_type=\"widget\" data-e-type=\"widget\" data-widget_type=\"image.default\">\n\t\t\t\t<div class=\"elementor-widget-container\">\n\t\t\t\t\t\t\t\t\t<div class=\"elementor-image\">\n\t\t\t\t\t\t\t\t\t\t\t\t\t\t\t\t\t\t\t\t\t<img decoding=\"async\" width=\"1024\" height=\"1003\" src=\"https:\/\/lidajoies.com\/wp-content\/uploads\/2025\/07\/RECICLAJE-PASO-2_OP-1024x1003.webp\" class=\"attachment-large size-large wp-image-993318\" alt=\"\" srcset=\"https:\/\/lidajoies.com\/wp-content\/uploads\/2025\/07\/RECICLAJE-PASO-2_OP-1024x1003.webp 1024w, https:\/\/lidajoies.com\/wp-content\/uploads\/2025\/07\/RECICLAJE-PASO-2_OP-408x400.webp 408w, https:\/\/lidajoies.com\/wp-content\/uploads\/2025\/07\/RECICLAJE-PASO-2_OP-300x294.webp 300w, https:\/\/lidajoies.com\/wp-content\/uploads\/2025\/07\/RECICLAJE-PASO-2_OP-768x753.webp 768w, https:\/\/lidajoies.com\/wp-content\/uploads\/2025\/07\/RECICLAJE-PASO-2_OP-12x12.webp 12w, https:\/\/lidajoies.com\/wp-content\/uploads\/2025\/07\/RECICLAJE-PASO-2_OP-816x800.webp 816w, https:\/\/lidajoies.com\/wp-content\/uploads\/2025\/07\/RECICLAJE-PASO-2_OP.webp 1290w\" sizes=\"(max-width: 1024px) 100vw, 1024px\" title=\"\">\t\t\t\t\t\t\t\t\t\t\t\t\t\t\t\t\t\t\t\t\t\t\t\t<\/div>\n\t\t\t\t\t\t\t\t<\/div>\n\t\t\t\t<\/div>\n\t\t\t\t<\/div>\n\t\t\t\t<\/div>\n\t\t<div class=\"elementor-element elementor-element-bc6c9bd e-con-full e-flex e-con e-child\" data-id=\"bc6c9bd\" data-element_type=\"container\" data-e-type=\"container\">\n\t\t<div class=\"elementor-element elementor-element-c69db69 e-con-full e-flex e-con e-child\" data-id=\"c69db69\" data-element_type=\"container\" data-e-type=\"container\">\n\t\t\t\t<div class=\"elementor-element elementor-element-7ba13c0 elementor-widget elementor-widget-image\" data-id=\"7ba13c0\" data-element_type=\"widget\" data-e-type=\"widget\" data-widget_type=\"image.default\">\n\t\t\t\t<div class=\"elementor-widget-container\">\n\t\t\t\t\t\t\t\t\t<div class=\"elementor-image\">\n\t\t\t\t\t\t\t\t\t\t\t\t\t\t\t\t\t\t\t\t\t<img loading=\"lazy\" decoding=\"async\" width=\"1024\" height=\"768\" src=\"https:\/\/lidajoies.com\/wp-content\/uploads\/2025\/08\/RECICLAJE-PASO-3-1024x768.jpg\" class=\"attachment-large size-large wp-image-993437\" alt=\"\" srcset=\"https:\/\/lidajoies.com\/wp-content\/uploads\/2025\/08\/RECICLAJE-PASO-3-1024x768.jpg 1024w, https:\/\/lidajoies.com\/wp-content\/uploads\/2025\/08\/RECICLAJE-PASO-3-533x400.jpg 533w, https:\/\/lidajoies.com\/wp-content\/uploads\/2025\/08\/RECICLAJE-PASO-3-300x225.jpg 300w, https:\/\/lidajoies.com\/wp-content\/uploads\/2025\/08\/RECICLAJE-PASO-3-768x576.jpg 768w, https:\/\/lidajoies.com\/wp-content\/uploads\/2025\/08\/RECICLAJE-PASO-3-1536x1152.jpg 1536w, https:\/\/lidajoies.com\/wp-content\/uploads\/2025\/08\/RECICLAJE-PASO-3-16x12.jpg 16w, https:\/\/lidajoies.com\/wp-content\/uploads\/2025\/08\/RECICLAJE-PASO-3-1067x800.jpg 1067w, https:\/\/lidajoies.com\/wp-content\/uploads\/2025\/08\/RECICLAJE-PASO-3.jpg 1600w\" sizes=\"(max-width: 1024px) 100vw, 1024px\" title=\"\">\t\t\t\t\t\t\t\t\t\t\t\t\t\t\t\t\t\t\t\t\t\t\t\t<\/div>\n\t\t\t\t\t\t\t\t<\/div>\n\t\t\t\t<\/div>\n\t\t\t\t<\/div>\n\t\t<div class=\"elementor-element elementor-element-8c520c6 e-con-full e-flex e-con e-child\" data-id=\"8c520c6\" data-element_type=\"container\" data-e-type=\"container\">\n\t\t\t\t<div class=\"elementor-element elementor-element-8cd190f elementor-widget elementor-widget-text-editor\" data-id=\"8cd190f\" data-element_type=\"widget\" data-e-type=\"widget\" data-widget_type=\"text-editor.default\">\n\t\t\t\t<div class=\"elementor-widget-container\">\n\t\t\t\t\t\t\t\t\t<p><b>Pas 3:<\/b> <strong>Del disseny a la realitat<\/strong><br \/>Est\u00e0s satisfet amb el disseny? Aleshores el portem al nostre taller, on es crea un model en 3D perqu\u00e8 puguis veure com quedar\u00e0 la teva joia. Un cop aprovat, comencem a fabricar la pe\u00e7a amb tota la cura i l&#039;artesania.<\/p>\t\t\t\t\t\t\t\t<\/div>\n\t\t\t\t<\/div>\n\t\t\t\t<\/div>\n\t\t\t\t<\/div>\n\t\t<div class=\"elementor-element elementor-element-38c43d2 e-con-full e-flex e-con e-child\" data-id=\"38c43d2\" data-element_type=\"container\" data-e-type=\"container\">\n\t\t<div class=\"elementor-element elementor-element-b5c6c0e e-con-full e-flex e-con e-child\" data-id=\"b5c6c0e\" data-element_type=\"container\" data-e-type=\"container\">\n\t\t\t\t<div class=\"elementor-element elementor-element-9235cee elementor-widget elementor-widget-text-editor\" data-id=\"9235cee\" data-element_type=\"widget\" data-e-type=\"widget\" data-widget_type=\"text-editor.default\">\n\t\t\t\t<div class=\"elementor-widget-container\">\n\t\t\t\t\t\t\t\t\t<p><b>Pas 4: <\/b><strong>La teva joia est\u00e0 a punt!<\/strong> <br \/>Quan la teva nova joia estigui acabada, t&#039;enviarem un missatge. Despr\u00e9s la pots venir a recollir a la nostra botiga amb un somriure.<\/p>\t\t\t\t\t\t\t\t<\/div>\n\t\t\t\t<\/div>\n\t\t\t\t<\/div>\n\t\t<div class=\"elementor-element elementor-element-9535bb1 e-con-full e-flex e-con e-child\" data-id=\"9535bb1\" data-element_type=\"container\" data-e-type=\"container\">\n\t\t\t\t<div class=\"elementor-element elementor-element-53adedf elementor-widget elementor-widget-image\" data-id=\"53adedf\" data-element_type=\"widget\" data-e-type=\"widget\" data-widget_type=\"image.default\">\n\t\t\t\t<div class=\"elementor-widget-container\">\n\t\t\t\t\t\t\t\t\t<div class=\"elementor-image\">\n\t\t\t\t\t\t\t\t\t\t\t\t\t\t\t\t\t\t\t\t\t<img loading=\"lazy\" decoding=\"async\" width=\"1024\" height=\"576\" src=\"https:\/\/lidajoies.com\/wp-content\/uploads\/2025\/08\/RECICLAJE-PASO-4-1024x576.jpg\" class=\"attachment-large size-large wp-image-993436\" alt=\"\" srcset=\"https:\/\/lidajoies.com\/wp-content\/uploads\/2025\/08\/RECICLAJE-PASO-4-1024x576.jpg 1024w, https:\/\/lidajoies.com\/wp-content\/uploads\/2025\/08\/RECICLAJE-PASO-4-600x338.jpg 600w, https:\/\/lidajoies.com\/wp-content\/uploads\/2025\/08\/RECICLAJE-PASO-4-300x169.jpg 300w, https:\/\/lidajoies.com\/wp-content\/uploads\/2025\/08\/RECICLAJE-PASO-4-768x432.jpg 768w, https:\/\/lidajoies.com\/wp-content\/uploads\/2025\/08\/RECICLAJE-PASO-4-1536x864.jpg 1536w, https:\/\/lidajoies.com\/wp-content\/uploads\/2025\/08\/RECICLAJE-PASO-4-18x10.jpg 18w, https:\/\/lidajoies.com\/wp-content\/uploads\/2025\/08\/RECICLAJE-PASO-4-1200x675.jpg 1200w, https:\/\/lidajoies.com\/wp-content\/uploads\/2025\/08\/RECICLAJE-PASO-4.jpg 1920w\" sizes=\"(max-width: 1024px) 100vw, 1024px\" title=\"\">\t\t\t\t\t\t\t\t\t\t\t\t\t\t\t\t\t\t\t\t\t\t\t\t<\/div>\n\t\t\t\t\t\t\t\t<\/div>\n\t\t\t\t<\/div>\n\t\t\t\t<\/div>\n\t\t\t\t<\/div>\n\t\t\t\t\t<\/div>\n\t\t\t\t<\/div>\n\t\t\t\t<\/div>","protected":false},"excerpt":{"rendered":"<p>Inicio Reciclaje Damos nueva vida a tus piezas m\u00e1s especiales.\u200b Contactanos Las joyas est\u00e1n impregnadas de sentimientos. Puede que las hayamos heredado y que nos recuerden a alguien especial, o que fueron un regalo de un momento \u00fanico\u2026 Sin embargo, muchas se quedan olvidadas: anticuadas, da\u00f1adas o simplemente ya no reflejan nuestro estilo. Paso 1:&#8230;<\/p>","protected":false},"author":1,"featured_media":0,"parent":0,"menu_order":0,"comment_status":"closed","ping_status":"closed","template":"","meta":{"footnotes":""},"class_list":["post-993427","page","type-page","status-publish","hentry"],"_links":{"self":[{"href":"https:\/\/lidajoies.com\/ca\/wp-json\/wp\/v2\/pages\/993427","targetHints":{"allow":["GET"]}}],"collection":[{"href":"https:\/\/lidajoies.com\/ca\/wp-json\/wp\/v2\/pages"}],"about":[{"href":"https:\/\/lidajoies.com\/ca\/wp-json\/wp\/v2\/types\/page"}],"author":[{"embeddable":true,"href":"https:\/\/lidajoies.com\/ca\/wp-json\/wp\/v2\/users\/1"}],"replies":[{"embeddable":true,"href":"https:\/\/lidajoies.com\/ca\/wp-json\/wp\/v2\/comments?post=993427"}],"version-history":[{"count":28,"href":"https:\/\/lidajoies.com\/ca\/wp-json\/wp\/v2\/pages\/993427\/revisions"}],"predecessor-version":[{"id":993985,"href":"https:\/\/lidajoies.com\/ca\/wp-json\/wp\/v2\/pages\/993427\/revisions\/993985"}],"wp:attachment":[{"href":"https:\/\/lidajoies.com\/ca\/wp-json\/wp\/v2\/media?parent=993427"}],"curies":[{"name":"wp","href":"https:\/\/api.w.org\/{rel}","templated":true}]}}