{"id":992945,"date":"2025-07-15T10:10:07","date_gmt":"2025-07-15T10:10:07","guid":{"rendered":"https:\/\/lidajoies.com\/?page_id=992945"},"modified":"2025-09-05T10:37:22","modified_gmt":"2025-09-05T10:37:22","slug":"privacy-policy","status":"publish","type":"page","link":"https:\/\/lidajoies.com\/en\/politica-de-privacidad\/","title":{"rendered":"Privacy Policy"},"content":{"rendered":"<div data-elementor-type=\"wp-page\" data-elementor-id=\"992945\" class=\"elementor elementor-992945\" data-elementor-post-type=\"page\">\n\t\t\t\t<div class=\"elementor-element elementor-element-6834918b e-flex e-con-boxed e-con e-parent\" data-id=\"6834918b\" data-element_type=\"container\" data-e-type=\"container\">\n\t\t\t\t\t<div class=\"e-con-inner\">\n\t\t\t\t<div class=\"elementor-element elementor-element-1cf6c10 elementor-widget elementor-widget-heading\" data-id=\"1cf6c10\" data-element_type=\"widget\" data-e-type=\"widget\" data-widget_type=\"heading.default\">\n\t\t\t\t<div class=\"elementor-widget-container\">\n\t\t\t\t\t<h1 class=\"elementor-heading-title elementor-size-default\">Privacy Policy<\/h1>\t\t\t\t<\/div>\n\t\t\t\t<\/div>\n\t\t\t\t<div class=\"elementor-element elementor-element-394f3dcc elementor-widget elementor-widget-text-editor\" data-id=\"394f3dcc\" data-element_type=\"widget\" data-e-type=\"widget\" data-widget_type=\"text-editor.default\">\n\t\t\t\t<div class=\"elementor-widget-container\">\n\t\t\t\t\t\t\t\t\t<p><span style=\"font-weight: 400;\">This Privacy Policy, together with the Rules of Participation and the legal notice, constitutes the legal framework that regulates the use of the website. <strong>www.lidajoies.com<\/strong><\/span><span style=\"font-weight: 400;\">.<\/span><span style=\"font-weight: 400;\"> This Privacy Policy specifically regulates the use and processing that THE COMPANY gives to your personal data as a user of the Website, since by accessing this website you become a user of this website (hereinafter, the &quot;User&quot;).<\/span><\/p>\n<p><b>This website is owned by:<\/b><\/p>\n<p>Cristina Malet Hernandez<span style=\"font-weight: 400;\">, with registered office at&nbsp;<\/span>VALENCIA, 186&nbsp;<span style=\"font-weight: 400;\">and CIF:&nbsp;<\/span>36565789K<span style=\"font-weight: 400;\">,<\/span><span style=\"font-weight: 400;\"> hereinafter the COMPANY.<\/span><\/p>\n<p><span style=\"font-weight: 400;\">This Privacy Policy is available on the Website in Catalan, so you can view, archive, or print it at any time. It may change over time due to changes to the Website, legislative or case law developments, or new criteria from the Spanish Data Protection Agency, or new European regulations requiring us to make future modifications. Therefore, the COMPANY reserves the right to modify this Privacy Policy and recommends that you read it carefully whenever you access the Website.<\/span><\/p>\n<p><b>Confidentiality<\/b><b><br><\/b><span style=\"font-weight: 400;\">THE COMPANY undertakes to comply with its obligation to maintain the confidentiality of personal data and its duty to store such data confidentially. It adopts the necessary measures to prevent its alteration, loss, unauthorized processing, or access, taking into account the state of technology at all times.<\/span><\/p>\n<p><b>Data security<\/b><b><br><\/b><span style=\"font-weight: 400;\">THE COMPANY guarantees the adoption of appropriate measures to ensure the confidential treatment of this data. Therefore, it has implemented all necessary technical and organizational security measures to guarantee the integrity, confidentiality, and availability of the personal data provided by the user, particularly those stipulated in the GDPR (General Data Protection Regulation \u2013 EU 2016) \/679, of April 27), which has expanded the scope of Organic Law 15\/1999, of December 13, on the Protection of Personal Data (LOPD) and its Implementing Regulation RD 1720\/2007.<\/span><\/p>\n<p><b>Protection of personal data<\/b><b><br><\/b><span style=\"font-weight: 400;\">Personal data voluntarily provided will be treated confidentially, under the protection and specifications contained in current regulations, and will be collected in a file duly registered with the Data Protection Agency, for which THE COMPANY is responsible. The purpose of this file is to manage users and subscribers, as well as the online sale of products and the resolution of queries.<\/span><\/p>\n<p><span style=\"font-weight: 400;\">The legal basis for data processing is the subscriber&#039;s consent. We process the personal data of newsletter subscribers for the sole purpose of sending them our newsletter. We process the personal data of registered users and paying subscribers for the sole purpose of managing their relationship with THE COMPANY, collecting fees (if applicable), organizing activities and campaigns, and sending informative and commercial communications (including electronically).<\/span><\/p>\n<p><span style=\"font-weight: 400;\">Personal data will not be transferred to third parties (except by legal obligation) and will be kept for a period of six (6) years in accordance with current accounting regulations and, where applicable, for ten (10) years according to anti-money laundering regulations.<\/span><\/p>\n<p><span style=\"font-weight: 400;\">Users may access their personal data and request the correction of inaccurate data or, where appropriate, request its cancellation or deletion when the data is no longer necessary for the purposes for which it was collected. They may also request the restriction, portability, and object to the processing of their data, in certain circumstances and for reasons related to their particular situation.<\/span><\/p>\n<p><span style=\"font-weight: 400;\">You may revoke your consent to the sending of commercial communications and exercise the rights referred to above by sending an email to&nbsp;<\/span><b>lida@lidajoies.com&nbsp;<\/b>or by sending a letter by regular mail to the person responsible for the file located at THE COMPANY&#039;s registered office, in both cases with the reference: &quot;Data Protection&quot;, through a signed document and attaching a copy of your ID.<\/p>\n<p><b>Information about cookies<\/b><b><br><\/b><span style=\"font-weight: 400;\">The website uses cookies to facilitate user navigation and make browsing easier.<\/span><\/p>\n<p><span style=\"font-weight: 400;\">A cookie is a piece of information sent from a web page server to a browser that can be returned by the browser on subsequent visits to that server. Cookies are associated with the anonymous user and their computer and do not, by themselves, provide the user&#039;s first or last name.<\/span><\/p>\n<p><span style=\"font-weight: 400;\">This website uses Google cookies to display ads based on previous visits to the website or other websites that also display Google ads. Users can opt out of tracking through advertising cookies by visiting:<\/span><a href=\"https:\/\/www.google.com\/settings\/ads\" rel=\"noopener\"> <span style=\"font-weight: 400;\">https:\/\/www.google.com\/settings\/ads<\/span><\/a><\/p>\n<p><b>Type of cookies<\/b><b><br><\/b><span style=\"font-weight: 400;\">Registration Cookies: To identify the logged-in user.<\/span><span style=\"font-weight: 400;\"><br><\/span><span style=\"font-weight: 400;\">Advertising Cookies: To be able to offer advertising content related to the user&#039;s interests, either directly or through third parties called Adservers<\/span><span style=\"font-weight: 400;\"><br><\/span><span style=\"font-weight: 400;\">Analytical Cookies: To obtain information related to audience measurement.<\/span><span style=\"font-weight: 400;\"><br><\/span><span style=\"font-weight: 400;\">Geo-location Cookies: These provide information about the user&#039;s geographic location.<\/span><span style=\"font-weight: 400;\"><br><\/span><span style=\"font-weight: 400;\">Users can configure their browser to notify them of the receipt of cookies, and, if desired, to prevent them from being installed on their hard drive. However, the installation of cookies is not mandatory to access the website.<\/span><\/p>\n<p><span style=\"font-weight: 400;\">Depending on the type of browser used, the user can disable the use of cookies in:<\/span><\/p>\n<p><span style=\"font-weight: 400;\">Chrome: Settings &gt; Advanced settings &gt; Privacy &amp; security &gt; Content settings<\/span><span style=\"font-weight: 400;\"><br><\/span><span style=\"font-weight: 400;\">Firefox: Options &gt; Privacy &amp; Security<\/span><span style=\"font-weight: 400;\"><br><\/span><span style=\"font-weight: 400;\">Edge: Settings &gt; Advanced Settings &gt; Privacy &amp; Services<\/span><span style=\"font-weight: 400;\"><br><\/span><span style=\"font-weight: 400;\">Safari: Preferences &gt; Privacy<\/span><\/p>\n<p><b>LSSICE<\/b><b><br><\/b><span style=\"font-weight: 400;\">We also inform you that we do not use this data to send commercial communications by email that are not requested or expressly authorized by the interested party, as stipulated in the LSSICE.<\/span><\/p>\n<p><b>Communications<\/b><b><br><\/b><span style=\"font-weight: 400;\">To send any notifications related to this contract, the COMPANY expressly designates the address indicated in this text as its address, and the user expressly designates the address indicated on the application form as its address. To complete the contract, the user is obligated to keep the email address provided for communications with the COMPANY operational, active, and up-to-date, as it is the preferred (but not the only) means of communication. Generally, the user undertakes and is obligated to keep their personal and contact information constantly updated and must duly communicate any changes. Failure to do so will mean that notifications sent to the address indicated on the form will be considered valid.<\/span><\/p>\n<p><b>Nullity and ineffectiveness of the clauses<\/b><b><br><\/b><span style=\"font-weight: 400;\">If any clause of this Privacy Policy together with the Privacy Policy and the Cookies Policy were declared totally or partially null or ineffective, it will only affect said provision or part thereof that is null or ineffective, the rest of the general conditions remaining in force and said provision or the part thereof that is affected will be considered as not included, unless, if it is essential to these general conditions, it should affect them comprehensively.<\/span><\/p>\n<p><b>Applicable law and jurisdiction<\/b><b><br><\/b><span style=\"font-weight: 400;\">For the resolution of all disputes or issues related to this website or the activities carried out hereon, Spanish law will apply in all cases, to which the parties expressly submit. The mere fact of using the services of this website implies express acceptance of Spanish jurisdiction.<\/span><\/p>\n<p><span style=\"font-weight: 400;\">Likewise, and with the exception of what is expressed in the following paragraph, the parties involved agree that any dispute, disagreement, question or claim arising from the execution or interpretation of these conditions or related, or from other texts that may appear on the website, will be definitively resolved by submission to the Courts and Tribunals of Barcelona with express waiver of any other jurisdiction or jurisdictional demarcation that may be competent.<\/span><\/p>\n<p><span style=\"font-weight: 400;\">The previous paragraph does not apply if one of the parties is a consumer or user as defined in the Consumer and User Protection regulations (Royal Legislative Decree 1\/2007, of November 16, approving the revised text of the General Law for the Protection of Consumers and Users and other complementary laws), in which case (and for a related dispute covered by the Law) the position designated in said legislation would be applied preferentially.<\/span><\/p>\t\t\t\t\t\t\t\t<\/div>\n\t\t\t\t<\/div>\n\t\t\t\t\t<\/div>\n\t\t\t\t<\/div>\n\t\t\t\t<\/div>","protected":false},"excerpt":{"rendered":"<p>La presente Pol\u00edtica de Privacidad constituye junto con las Normas de participaci\u00f3n y el aviso legal el marco jur\u00eddico que regula el uso del sitio web www.lidajoies.com. La presente Pol\u00edtica de Privacidad en concreto regula el uso y tratamiento que LA EMPRESA da a sus datos de car\u00e1cter personal como usuario del Sitio web, ya&#8230;<\/p>","protected":false},"author":1,"featured_media":0,"parent":0,"menu_order":0,"comment_status":"closed","ping_status":"closed","template":"","meta":{"footnotes":""},"class_list":["post-992945","page","type-page","status-publish","hentry"],"_links":{"self":[{"href":"https:\/\/lidajoies.com\/en\/wp-json\/wp\/v2\/pages\/992945","targetHints":{"allow":["GET"]}}],"collection":[{"href":"https:\/\/lidajoies.com\/en\/wp-json\/wp\/v2\/pages"}],"about":[{"href":"https:\/\/lidajoies.com\/en\/wp-json\/wp\/v2\/types\/page"}],"author":[{"embeddable":true,"href":"https:\/\/lidajoies.com\/en\/wp-json\/wp\/v2\/users\/1"}],"replies":[{"embeddable":true,"href":"https:\/\/lidajoies.com\/en\/wp-json\/wp\/v2\/comments?post=992945"}],"version-history":[{"count":6,"href":"https:\/\/lidajoies.com\/en\/wp-json\/wp\/v2\/pages\/992945\/revisions"}],"predecessor-version":[{"id":993763,"href":"https:\/\/lidajoies.com\/en\/wp-json\/wp\/v2\/pages\/992945\/revisions\/993763"}],"wp:attachment":[{"href":"https:\/\/lidajoies.com\/en\/wp-json\/wp\/v2\/media?parent=992945"}],"curies":[{"name":"wp","href":"https:\/\/api.w.org\/{rel}","templated":true}]}}