{"id":993237,"date":"2025-07-18T14:57:35","date_gmt":"2025-07-18T14:57:35","guid":{"rendered":"https:\/\/lidajoies.com\/?page_id=993237"},"modified":"2025-09-05T10:42:48","modified_gmt":"2025-09-05T10:42:48","slug":"shipping-and-returns","status":"publish","type":"page","link":"https:\/\/lidajoies.com\/en\/envios-y-devoluciones\/","title":{"rendered":"Shipping and returns"},"content":{"rendered":"<div data-elementor-type=\"wp-page\" data-elementor-id=\"993237\" class=\"elementor elementor-993237\" data-elementor-post-type=\"page\">\n\t\t\t\t<div class=\"elementor-element elementor-element-6834918b e-flex e-con-boxed e-con e-parent\" data-id=\"6834918b\" data-element_type=\"container\" data-e-type=\"container\">\n\t\t\t\t\t<div class=\"e-con-inner\">\n\t\t\t\t<div class=\"elementor-element elementor-element-1cf6c10 elementor-widget elementor-widget-heading\" data-id=\"1cf6c10\" data-element_type=\"widget\" data-e-type=\"widget\" data-widget_type=\"heading.default\">\n\t\t\t\t<div class=\"elementor-widget-container\">\n\t\t\t\t\t<h1 class=\"elementor-heading-title elementor-size-default\">Shipping and returns<\/h1>\t\t\t\t<\/div>\n\t\t\t\t<\/div>\n\t\t\t\t<div class=\"elementor-element elementor-element-394f3dcc elementor-widget elementor-widget-text-editor\" data-id=\"394f3dcc\" data-element_type=\"widget\" data-e-type=\"widget\" data-widget_type=\"text-editor.default\">\n\t\t\t\t<div class=\"elementor-widget-container\">\n\t\t\t\t\t\t\t\t\t<p><strong>Shipping the package<\/strong><br \/>Monday to Friday from <strong>10am to 8:30pm<\/strong>. Saturdays of <strong>10am to 2pm.<\/strong><\/p><p>To resolve any questions: telephone <strong>00 34 93 45315 80<\/strong> or email: <strong>lida@lidajoies.com<\/strong><\/p><p>If your order is in stock, we&#039;ll process it within 24 hours. If your order is to be produced or you&#039;re requesting a custom ring, we&#039;ll contact you to specify the production time.<\/p><p><strong>SHIPPING:<\/strong><br \/>Shipping costs will vary depending on the destination.<\/p><p><strong>PENINSULA AND BALEARIC ISLANDS<\/strong><br \/>-For all purchases over \u20ac100, shipping is free.<\/p><p>\u2013 Delivery within 24 hours to the Peninsula. Balearic Islands <span style=\"font-weight: 400;\">24 to 72 hours.<\/span><\/p><p>\u2013 The shipping cost for amounts under \u20ac100 is \u20ac8.50.<\/p><p>\u2013 Shipments will be made through the MRW or Nacex courier agency.<\/p><p>If delivery is urgent or within a specific time frame, the shipping price may vary.<\/p><p><strong>CANARY ISLANDS, CEUTA AND MELILLA<\/strong><br \/><span style=\"font-weight: 400;\">No shipments are made.<\/span><\/p><p><strong>EUROPEAN UNION AND INTERNATIONAL SHIPPING<\/strong><br \/><span style=\"font-weight: 400;\">Shipments to Europe and international destinations will be sent by registered mail. Delivery time and shipping costs will depend on the destination. Contact us and we&#039;ll inform you.<\/span><\/p><p><strong>LIDAJOIES BARCELONA<br \/><\/strong>We are not responsible for additional customs and tariff charges, nor for delivery delays due to causes beyond our control or incorrect recipient information.<\/p><p><strong>CANCELLATIONS:<\/strong><br \/>On our website www.lidajoies.com, it is not possible to cancel an order once payment has been made. You can return the product once received. You have 5 days from receipt to do so.<\/p><p><strong>RETURNS:<\/strong><\/p><p><span style=\"font-weight: 400;\">If you receive a package with defective packaging, you must note this on the delivery note or reject it.<\/span><\/p><p><span style=\"font-weight: 400;\">If you are not satisfied with what you received, you have a period of 24 hours to report the incident to us, contact LIDAJOIES Barcelona through our email\u00a0<\/span><a href=\"mailto:lida@lidajoies.com\"><span style=\"font-weight: 400;\">lida@lidajoies.com<\/span><\/a><\/p><p><b>If the return is due to breakage or poor condition of the product received, please let us know the reason and we will contact you.<\/b><\/p><p><span style=\"font-weight: 400;\">In this case, return shipping will be at our expense. Refunds for returned products will be issued once we receive the returned product and review it. We will notify you when the refund has been processed.<\/span><span style=\"font-weight: 400;\">.<\/span><\/p><p><span style=\"font-weight: 400;\">If the jewelry doesn&#039;t meet your expectations, you have 5 days from receipt to return it. In this case, we&#039;ll refund the full amount of the jewelry. You will be responsible for the return shipping costs. Once LIDAJOIES receives the product, they will check that it&#039;s in perfect condition and free of signs of wear before processing the refund.<\/span><\/p><p><span style=\"font-weight: 400;\">As soon as we receive your return request we will contact you to proceed.<\/span><span style=\"font-weight: 400;\">.<\/span><\/p><p><span style=\"font-weight: 400;\">Returns are excluded for personalized jewelry or special orders.<\/span><\/p>\t\t\t\t\t\t\t\t<\/div>\n\t\t\t\t<\/div>\n\t\t\t\t\t<\/div>\n\t\t\t\t<\/div>\n\t\t\t\t<\/div>","protected":false},"excerpt":{"rendered":"<p>Env\u00edos y devoluciones Env\u00edo del paqueteDe lunes a viernes de 10h a 20.30h. S\u00e1bados de 10h a 14h. Para resolver cualquier duda: tel\u00e9fono 00 34 93 45315 80 o e-mail: lida@lidajoies.com Si tu pedido est\u00e1 en stock lo tramitaremos en 24h. Si tu pedido se ha de producir o pides un anillo a medida, nos&#8230;<\/p>","protected":false},"author":1,"featured_media":0,"parent":0,"menu_order":0,"comment_status":"closed","ping_status":"closed","template":"","meta":{"footnotes":""},"class_list":["post-993237","page","type-page","status-publish","hentry"],"_links":{"self":[{"href":"https:\/\/lidajoies.com\/en\/wp-json\/wp\/v2\/pages\/993237","targetHints":{"allow":["GET"]}}],"collection":[{"href":"https:\/\/lidajoies.com\/en\/wp-json\/wp\/v2\/pages"}],"about":[{"href":"https:\/\/lidajoies.com\/en\/wp-json\/wp\/v2\/types\/page"}],"author":[{"embeddable":true,"href":"https:\/\/lidajoies.com\/en\/wp-json\/wp\/v2\/users\/1"}],"replies":[{"embeddable":true,"href":"https:\/\/lidajoies.com\/en\/wp-json\/wp\/v2\/comments?post=993237"}],"version-history":[{"count":9,"href":"https:\/\/lidajoies.com\/en\/wp-json\/wp\/v2\/pages\/993237\/revisions"}],"predecessor-version":[{"id":993769,"href":"https:\/\/lidajoies.com\/en\/wp-json\/wp\/v2\/pages\/993237\/revisions\/993769"}],"wp:attachment":[{"href":"https:\/\/lidajoies.com\/en\/wp-json\/wp\/v2\/media?parent=993237"}],"curies":[{"name":"wp","href":"https:\/\/api.w.org\/{rel}","templated":true}]}}