{"id":987920,"date":"2025-07-10T16:51:52","date_gmt":"2025-07-10T16:51:52","guid":{"rendered":"https:\/\/lidajoies.com\/?post_type=product&#038;p=987920"},"modified":"2026-05-13T15:46:35","modified_gmt":"2026-05-13T15:46:35","slug":"yellow-gold-and-silver-earrings-with-bright-brown-fume-quartz-and-fume-quartz-knobs","status":"publish","type":"product","link":"https:\/\/lidajoies.com\/en\/producto\/pendientes-de-oro-amarillo-y-plata-con-brillantes-marrones-cuarzos-fume-y-perillas-de-cuarzo-fume\/","title":{"rendered":"Pendientes de oro amarillo y plata con brillantes brown y cuarzo fum\u00e9e"},"content":{"rendered":"","protected":false},"excerpt":{"rendered":"<p>Pendientes de oro amarillo y plata con 2 brillantes de 3mm( 0,22cts) con cuarzo fum\u00e9 de 8x6mm y perillas de cuarzo fum\u00e9, corp\u00f3reas y multifacetadas. Medida largo del pendiente: 3.35cm. Cierre Presi\u00f3n.<\/p>","protected":false},"featured_media":987967,"template":"","meta":[],"product_brand":[],"product_cat":[261,255,18,93,103,252,271],"product_tag":[],"class_list":{"0":"post-987920","1":"product","2":"type-product","3":"status-publish","4":"has-post-thumbnail","6":"product_cat-color","7":"product_cat-diamante","8":"product_cat-earrings","9":"product_cat-historia-de-una-sonrisa","10":"product_cat-joyeria-de-oro","11":"product_cat-oro-amarillo","12":"product_cat-piedras-semipreciosas","14":"first","15":"outofstock","16":"shipping-taxable","17":"purchasable","18":"product-type-simple"},"_links":{"self":[{"href":"https:\/\/lidajoies.com\/en\/wp-json\/wp\/v2\/product\/987920","targetHints":{"allow":["GET"]}}],"collection":[{"href":"https:\/\/lidajoies.com\/en\/wp-json\/wp\/v2\/product"}],"about":[{"href":"https:\/\/lidajoies.com\/en\/wp-json\/wp\/v2\/types\/product"}],"version-history":[{"count":4,"href":"https:\/\/lidajoies.com\/en\/wp-json\/wp\/v2\/product\/987920\/revisions"}],"predecessor-version":[{"id":995233,"href":"https:\/\/lidajoies.com\/en\/wp-json\/wp\/v2\/product\/987920\/revisions\/995233"}],"wp:featuredmedia":[{"embeddable":true,"href":"https:\/\/lidajoies.com\/en\/wp-json\/wp\/v2\/media\/987967"}],"wp:attachment":[{"href":"https:\/\/lidajoies.com\/en\/wp-json\/wp\/v2\/media?parent=987920"}],"wp:term":[{"taxonomy":"product_brand","embeddable":true,"href":"https:\/\/lidajoies.com\/en\/wp-json\/wp\/v2\/product_brand?post=987920"},{"taxonomy":"product_cat","embeddable":true,"href":"https:\/\/lidajoies.com\/en\/wp-json\/wp\/v2\/product_cat?post=987920"},{"taxonomy":"product_tag","embeddable":true,"href":"https:\/\/lidajoies.com\/en\/wp-json\/wp\/v2\/product_tag?post=987920"}],"curies":[{"name":"wp","href":"https:\/\/api.w.org\/{rel}","templated":true}]}}