{"id":988109,"date":"2025-07-10T16:52:39","date_gmt":"2025-07-10T16:52:39","guid":{"rendered":"https:\/\/lidajoies.com\/?post_type=product&#038;p=988109"},"modified":"2026-05-14T17:25:32","modified_gmt":"2026-05-14T17:25:32","slug":"white-gold-ring-with-grey-mother-of-pearl-flower-rubies-and-diamonds","status":"publish","type":"product","link":"https:\/\/lidajoies.com\/en\/producto\/anillo-de-oro-blanco-flor-de-nacar-gris-rubis-y-brillantes\/","title":{"rendered":"White gold ring, grey mother-of-pearl flower, rubies and diamonds."},"content":{"rendered":"","protected":false},"excerpt":{"rendered":"<p>Anillo de oro blanco de 750mm con flor de n\u00e1car gris. Di\u00e1metro 30mm.7 Rub\u00eds marquise 1.10 cts., 1 rub\u00ed central 0.56 cts., 4 brillantes 0.05 cts.<\/p>","protected":false},"featured_media":994488,"template":"","meta":[],"product_brand":[],"product_cat":[102,261,255,86,103,254,44,257],"product_tag":[],"class_list":{"0":"post-988109","1":"product","2":"type-product","3":"status-publish","4":"has-post-thumbnail","6":"product_cat-anillos","7":"product_cat-color","8":"product_cat-diamante","9":"product_cat-flors","10":"product_cat-joyeria-de-oro","11":"product_cat-oro-blanco","12":"product_cat-rings","13":"product_cat-rubi","15":"first","16":"instock","17":"shipping-taxable","18":"purchasable","19":"product-type-simple"},"_links":{"self":[{"href":"https:\/\/lidajoies.com\/en\/wp-json\/wp\/v2\/product\/988109","targetHints":{"allow":["GET"]}}],"collection":[{"href":"https:\/\/lidajoies.com\/en\/wp-json\/wp\/v2\/product"}],"about":[{"href":"https:\/\/lidajoies.com\/en\/wp-json\/wp\/v2\/types\/product"}],"version-history":[{"count":4,"href":"https:\/\/lidajoies.com\/en\/wp-json\/wp\/v2\/product\/988109\/revisions"}],"predecessor-version":[{"id":995313,"href":"https:\/\/lidajoies.com\/en\/wp-json\/wp\/v2\/product\/988109\/revisions\/995313"}],"wp:featuredmedia":[{"embeddable":true,"href":"https:\/\/lidajoies.com\/en\/wp-json\/wp\/v2\/media\/994488"}],"wp:attachment":[{"href":"https:\/\/lidajoies.com\/en\/wp-json\/wp\/v2\/media?parent=988109"}],"wp:term":[{"taxonomy":"product_brand","embeddable":true,"href":"https:\/\/lidajoies.com\/en\/wp-json\/wp\/v2\/product_brand?post=988109"},{"taxonomy":"product_cat","embeddable":true,"href":"https:\/\/lidajoies.com\/en\/wp-json\/wp\/v2\/product_cat?post=988109"},{"taxonomy":"product_tag","embeddable":true,"href":"https:\/\/lidajoies.com\/en\/wp-json\/wp\/v2\/product_tag?post=988109"}],"curies":[{"name":"wp","href":"https:\/\/api.w.org\/{rel}","templated":true}]}}