{"id":988342,"date":"2025-07-10T16:53:42","date_gmt":"2025-07-10T16:53:42","guid":{"rendered":"https:\/\/lidajoies.com\/?post_type=product&#038;p=988342"},"modified":"2026-02-12T17:51:26","modified_gmt":"2026-02-12T17:51:26","slug":"long-yellow-gold-earrings-combining-two-sizes-of-vague-and-polished-and-matte-finishes","status":"publish","type":"product","link":"https:\/\/lidajoies.com\/en\/producto\/pendientes-largos-de-oro-amarillo-combinando-dos-tamanos-de-vagas-y-acabados-en-pulidos-y-mate\/","title":{"rendered":"Long earrings made of yellow gold rings combining shiny and matte finishes."},"content":{"rendered":"","protected":false},"excerpt":{"rendered":"<p>Pendientes largos de oro amarillo de 750mm, combinando dos tama\u00f1os de anillas, acabados en brillo y mate.<br \/>\nEl bot\u00f3n que reposa sobre el \u00f3valo mide 6mm de di\u00e1metro. Cierre presi\u00f3n de oro de 750mm.<br \/>\nMedida total de 8.5cms.<\/p>","protected":false},"featured_media":988376,"template":"","meta":[],"product_brand":[],"product_cat":[18,90,103,252,105],"product_tag":[],"class_list":{"0":"post-988342","1":"product","2":"type-product","3":"status-publish","4":"has-post-thumbnail","6":"product_cat-earrings","7":"product_cat-happy-mood","8":"product_cat-joyeria-de-oro","9":"product_cat-oro-amarillo","10":"product_cat-pendientes","12":"first","13":"instock","14":"shipping-taxable","15":"purchasable","16":"product-type-simple"},"_links":{"self":[{"href":"https:\/\/lidajoies.com\/en\/wp-json\/wp\/v2\/product\/988342","targetHints":{"allow":["GET"]}}],"collection":[{"href":"https:\/\/lidajoies.com\/en\/wp-json\/wp\/v2\/product"}],"about":[{"href":"https:\/\/lidajoies.com\/en\/wp-json\/wp\/v2\/types\/product"}],"version-history":[{"count":4,"href":"https:\/\/lidajoies.com\/en\/wp-json\/wp\/v2\/product\/988342\/revisions"}],"predecessor-version":[{"id":994689,"href":"https:\/\/lidajoies.com\/en\/wp-json\/wp\/v2\/product\/988342\/revisions\/994689"}],"wp:featuredmedia":[{"embeddable":true,"href":"https:\/\/lidajoies.com\/en\/wp-json\/wp\/v2\/media\/988376"}],"wp:attachment":[{"href":"https:\/\/lidajoies.com\/en\/wp-json\/wp\/v2\/media?parent=988342"}],"wp:term":[{"taxonomy":"product_brand","embeddable":true,"href":"https:\/\/lidajoies.com\/en\/wp-json\/wp\/v2\/product_brand?post=988342"},{"taxonomy":"product_cat","embeddable":true,"href":"https:\/\/lidajoies.com\/en\/wp-json\/wp\/v2\/product_cat?post=988342"},{"taxonomy":"product_tag","embeddable":true,"href":"https:\/\/lidajoies.com\/en\/wp-json\/wp\/v2\/product_tag?post=988342"}],"curies":[{"name":"wp","href":"https:\/\/api.w.org\/{rel}","templated":true}]}}