{"id":988352,"date":"2025-07-10T16:53:43","date_gmt":"2025-07-10T16:53:43","guid":{"rendered":"https:\/\/lidajoies.com\/?post_type=product&#038;p=988352"},"modified":"2025-07-29T09:19:21","modified_gmt":"2025-07-29T09:19:21","slug":"white-gold-pendant-with-white-diamonds","status":"publish","type":"product","link":"https:\/\/lidajoies.com\/en\/producto\/colgante-de-oro-blanco-con-brillantes-blancos\/","title":{"rendered":"White gold pendant with white diamonds"},"content":{"rendered":"","protected":false},"excerpt":{"rendered":"<p>Colgante de oro blanco de 18 Ktes. en forma de \u00e1ngel con alas en diamantes blancos. Tama\u00f1o peque\u00f1o 12x12mm. 12 brillantes de 0.01cts. Baga superior.<br \/>\n* This item does not include the chain.<\/p>","protected":false},"featured_media":988396,"template":"","meta":[],"product_brand":[],"product_cat":[71,106],"product_tag":[],"class_list":{"0":"post-988352","1":"product","2":"type-product","3":"status-publish","4":"has-post-thumbnail","6":"product_cat-angela","7":"product_cat-colgantes","9":"first","10":"instock","11":"shipping-taxable","12":"purchasable","13":"product-type-simple"},"_links":{"self":[{"href":"https:\/\/lidajoies.com\/en\/wp-json\/wp\/v2\/product\/988352","targetHints":{"allow":["GET"]}}],"collection":[{"href":"https:\/\/lidajoies.com\/en\/wp-json\/wp\/v2\/product"}],"about":[{"href":"https:\/\/lidajoies.com\/en\/wp-json\/wp\/v2\/types\/product"}],"version-history":[{"count":2,"href":"https:\/\/lidajoies.com\/en\/wp-json\/wp\/v2\/product\/988352\/revisions"}],"predecessor-version":[{"id":990966,"href":"https:\/\/lidajoies.com\/en\/wp-json\/wp\/v2\/product\/988352\/revisions\/990966"}],"wp:featuredmedia":[{"embeddable":true,"href":"https:\/\/lidajoies.com\/en\/wp-json\/wp\/v2\/media\/988396"}],"wp:attachment":[{"href":"https:\/\/lidajoies.com\/en\/wp-json\/wp\/v2\/media?parent=988352"}],"wp:term":[{"taxonomy":"product_brand","embeddable":true,"href":"https:\/\/lidajoies.com\/en\/wp-json\/wp\/v2\/product_brand?post=988352"},{"taxonomy":"product_cat","embeddable":true,"href":"https:\/\/lidajoies.com\/en\/wp-json\/wp\/v2\/product_cat?post=988352"},{"taxonomy":"product_tag","embeddable":true,"href":"https:\/\/lidajoies.com\/en\/wp-json\/wp\/v2\/product_tag?post=988352"}],"curies":[{"name":"wp","href":"https:\/\/api.w.org\/{rel}","templated":true}]}}