{"id":988438,"date":"2025-07-10T16:54:11","date_gmt":"2025-07-10T16:54:11","guid":{"rendered":"https:\/\/lidajoies.com\/?post_type=product&#038;p=988438"},"modified":"2026-05-12T16:46:46","modified_gmt":"2026-05-12T16:46:46","slug":"matte-oxidized-silver-pendant-with-natural-rubies-and-leather-with-silver-clasp","status":"publish","type":"product","link":"https:\/\/lidajoies.com\/en\/producto\/colgante-plata-oxidada-mate-con-rubis-naturales-y-cuero-con-cierre-de-plata\/","title":{"rendered":"Colgante plata con rub\u00edes naturales"},"content":{"rendered":"","protected":false},"excerpt":{"rendered":"<p>Colgante de plata oxidada mate con pav\u00e9 de7 Rub\u00eds naturales. Di\u00e1metro exterior del colgante 2.50cms.<br \/>\n*Cuero no incluido.<\/p>","protected":false},"featured_media":988487,"template":"","meta":[],"product_brand":[],"product_cat":[106,261,74,78,33,253,257],"product_tag":[],"class_list":{"0":"post-988438","1":"product","2":"type-product","3":"status-publish","4":"has-post-thumbnail","6":"product_cat-colgantes","7":"product_cat-color","8":"product_cat-joyeria-de-plata","9":"product_cat-le-petit-pavee","10":"product_cat-necklaces","11":"product_cat-plata","12":"product_cat-rubi","14":"first","15":"instock","16":"shipping-taxable","17":"purchasable","18":"product-type-simple"},"_links":{"self":[{"href":"https:\/\/lidajoies.com\/en\/wp-json\/wp\/v2\/product\/988438","targetHints":{"allow":["GET"]}}],"collection":[{"href":"https:\/\/lidajoies.com\/en\/wp-json\/wp\/v2\/product"}],"about":[{"href":"https:\/\/lidajoies.com\/en\/wp-json\/wp\/v2\/types\/product"}],"version-history":[{"count":5,"href":"https:\/\/lidajoies.com\/en\/wp-json\/wp\/v2\/product\/988438\/revisions"}],"predecessor-version":[{"id":995176,"href":"https:\/\/lidajoies.com\/en\/wp-json\/wp\/v2\/product\/988438\/revisions\/995176"}],"wp:featuredmedia":[{"embeddable":true,"href":"https:\/\/lidajoies.com\/en\/wp-json\/wp\/v2\/media\/988487"}],"wp:attachment":[{"href":"https:\/\/lidajoies.com\/en\/wp-json\/wp\/v2\/media?parent=988438"}],"wp:term":[{"taxonomy":"product_brand","embeddable":true,"href":"https:\/\/lidajoies.com\/en\/wp-json\/wp\/v2\/product_brand?post=988438"},{"taxonomy":"product_cat","embeddable":true,"href":"https:\/\/lidajoies.com\/en\/wp-json\/wp\/v2\/product_cat?post=988438"},{"taxonomy":"product_tag","embeddable":true,"href":"https:\/\/lidajoies.com\/en\/wp-json\/wp\/v2\/product_tag?post=988438"}],"curies":[{"name":"wp","href":"https:\/\/api.w.org\/{rel}","templated":true}]}}