{"id":988534,"date":"2025-07-10T16:54:37","date_gmt":"2025-07-10T16:54:37","guid":{"rendered":"https:\/\/lidajoies.com\/?post_type=product&#038;p=988534"},"modified":"2026-05-14T17:09:08","modified_gmt":"2026-05-14T17:09:08","slug":"mother-of-pearl-flower-pendant-with-gold-and-brilliant-filaments","status":"publish","type":"product","link":"https:\/\/lidajoies.com\/en\/producto\/colgante-flor-de-nacar-con-filamentos-de-oro-y-brillante\/","title":{"rendered":"Colgante de oro blanco con flor de n\u00e1car gris y brillante."},"content":{"rendered":"","protected":false},"excerpt":{"rendered":"<p>Colgante de n\u00e1car gris en forma de flor en oro blanco de 750mm (30mm de di\u00e1metro) y brillante natural central de 013cts.<br \/>\n* This item does not include the chain.<\/p>","protected":false},"featured_media":994489,"template":"","meta":[],"product_brand":[],"product_cat":[106,261,255,86,103,33,254],"product_tag":[],"class_list":{"0":"post-988534","1":"product","2":"type-product","3":"status-publish","4":"has-post-thumbnail","6":"product_cat-colgantes","7":"product_cat-color","8":"product_cat-diamante","9":"product_cat-flors","10":"product_cat-joyeria-de-oro","11":"product_cat-necklaces","12":"product_cat-oro-blanco","14":"first","15":"instock","16":"shipping-taxable","17":"purchasable","18":"product-type-simple"},"_links":{"self":[{"href":"https:\/\/lidajoies.com\/en\/wp-json\/wp\/v2\/product\/988534","targetHints":{"allow":["GET"]}}],"collection":[{"href":"https:\/\/lidajoies.com\/en\/wp-json\/wp\/v2\/product"}],"about":[{"href":"https:\/\/lidajoies.com\/en\/wp-json\/wp\/v2\/types\/product"}],"version-history":[{"count":5,"href":"https:\/\/lidajoies.com\/en\/wp-json\/wp\/v2\/product\/988534\/revisions"}],"predecessor-version":[{"id":995309,"href":"https:\/\/lidajoies.com\/en\/wp-json\/wp\/v2\/product\/988534\/revisions\/995309"}],"wp:featuredmedia":[{"embeddable":true,"href":"https:\/\/lidajoies.com\/en\/wp-json\/wp\/v2\/media\/994489"}],"wp:attachment":[{"href":"https:\/\/lidajoies.com\/en\/wp-json\/wp\/v2\/media?parent=988534"}],"wp:term":[{"taxonomy":"product_brand","embeddable":true,"href":"https:\/\/lidajoies.com\/en\/wp-json\/wp\/v2\/product_brand?post=988534"},{"taxonomy":"product_cat","embeddable":true,"href":"https:\/\/lidajoies.com\/en\/wp-json\/wp\/v2\/product_cat?post=988534"},{"taxonomy":"product_tag","embeddable":true,"href":"https:\/\/lidajoies.com\/en\/wp-json\/wp\/v2\/product_tag?post=988534"}],"curies":[{"name":"wp","href":"https:\/\/api.w.org\/{rel}","templated":true}]}}