{"id":989243,"date":"2025-07-10T16:57:41","date_gmt":"2025-07-10T16:57:41","guid":{"rendered":"https:\/\/lidajoies.com\/?post_type=product&#038;p=989243"},"modified":"2026-05-12T16:10:22","modified_gmt":"2026-05-12T16:10:22","slug":"silver-and-ruby-pave-bracelet","status":"publish","type":"product","link":"https:\/\/lidajoies.com\/en\/producto\/pulsera-de-plata-y-pavee-de-rubis\/","title":{"rendered":"Silver and ruby Pav\u00e9e bracelet."},"content":{"rendered":"","protected":false},"excerpt":{"rendered":"<p>Pulsera r\u00edgida de plata de 925mm mate oxidada con pav\u00e9 de rub\u00eds naturales.<\/p>","protected":false},"featured_media":989275,"template":"","meta":[],"product_brand":[],"product_cat":[16,261,74,78,253,79,257],"product_tag":[],"class_list":{"0":"post-989243","1":"product","2":"type-product","3":"status-publish","4":"has-post-thumbnail","6":"product_cat-bracelets","7":"product_cat-color","8":"product_cat-joyeria-de-plata","9":"product_cat-le-petit-pavee","10":"product_cat-plata","11":"product_cat-pulseras","12":"product_cat-rubi","14":"first","15":"instock","16":"shipping-taxable","17":"purchasable","18":"product-type-simple"},"_links":{"self":[{"href":"https:\/\/lidajoies.com\/en\/wp-json\/wp\/v2\/product\/989243","targetHints":{"allow":["GET"]}}],"collection":[{"href":"https:\/\/lidajoies.com\/en\/wp-json\/wp\/v2\/product"}],"about":[{"href":"https:\/\/lidajoies.com\/en\/wp-json\/wp\/v2\/types\/product"}],"version-history":[{"count":4,"href":"https:\/\/lidajoies.com\/en\/wp-json\/wp\/v2\/product\/989243\/revisions"}],"predecessor-version":[{"id":995167,"href":"https:\/\/lidajoies.com\/en\/wp-json\/wp\/v2\/product\/989243\/revisions\/995167"}],"wp:featuredmedia":[{"embeddable":true,"href":"https:\/\/lidajoies.com\/en\/wp-json\/wp\/v2\/media\/989275"}],"wp:attachment":[{"href":"https:\/\/lidajoies.com\/en\/wp-json\/wp\/v2\/media?parent=989243"}],"wp:term":[{"taxonomy":"product_brand","embeddable":true,"href":"https:\/\/lidajoies.com\/en\/wp-json\/wp\/v2\/product_brand?post=989243"},{"taxonomy":"product_cat","embeddable":true,"href":"https:\/\/lidajoies.com\/en\/wp-json\/wp\/v2\/product_cat?post=989243"},{"taxonomy":"product_tag","embeddable":true,"href":"https:\/\/lidajoies.com\/en\/wp-json\/wp\/v2\/product_tag?post=989243"}],"curies":[{"name":"wp","href":"https:\/\/api.w.org\/{rel}","templated":true}]}}