{"id":989783,"date":"2025-07-10T16:59:41","date_gmt":"2025-07-10T16:59:41","guid":{"rendered":"https:\/\/lidajoies.com\/?post_type=product&#038;p=989783"},"modified":"2026-05-12T16:01:50","modified_gmt":"2026-05-12T16:01:50","slug":"750mm-white-gold-earrings-with-white-diamond-pave-setting-push-back-closure","status":"publish","type":"product","link":"https:\/\/lidajoies.com\/en\/producto\/pendientes-en-oro-blanco-de-750mm-y-pavee-de-brillantes-blancos-cierre-presion\/","title":{"rendered":"White gold and diamond earrings"},"content":{"rendered":"","protected":false},"excerpt":{"rendered":"<p>Pendientes Oro blanco de 750mm.Forma redonda de di\u00e1metro 7.15mm. con pav\u00e9e de diamantes talla brillante de 0.02cts. Peso total 0.28cts. Cierre Presi\u00f3n.<\/p>","protected":false},"featured_media":989839,"template":"","meta":[],"product_brand":[],"product_cat":[89,255,18,103,78,67,254,105],"product_tag":[],"class_list":{"0":"post-989783","1":"product","2":"type-product","3":"status-publish","4":"has-post-thumbnail","6":"product_cat-comuniones","7":"product_cat-diamante","8":"product_cat-earrings","9":"product_cat-joyeria-de-oro","10":"product_cat-le-petit-pavee","11":"product_cat-novias","12":"product_cat-oro-blanco","13":"product_cat-pendientes","15":"first","16":"instock","17":"shipping-taxable","18":"purchasable","19":"product-type-simple"},"_links":{"self":[{"href":"https:\/\/lidajoies.com\/en\/wp-json\/wp\/v2\/product\/989783","targetHints":{"allow":["GET"]}}],"collection":[{"href":"https:\/\/lidajoies.com\/en\/wp-json\/wp\/v2\/product"}],"about":[{"href":"https:\/\/lidajoies.com\/en\/wp-json\/wp\/v2\/types\/product"}],"version-history":[{"count":4,"href":"https:\/\/lidajoies.com\/en\/wp-json\/wp\/v2\/product\/989783\/revisions"}],"predecessor-version":[{"id":995161,"href":"https:\/\/lidajoies.com\/en\/wp-json\/wp\/v2\/product\/989783\/revisions\/995161"}],"wp:featuredmedia":[{"embeddable":true,"href":"https:\/\/lidajoies.com\/en\/wp-json\/wp\/v2\/media\/989839"}],"wp:attachment":[{"href":"https:\/\/lidajoies.com\/en\/wp-json\/wp\/v2\/media?parent=989783"}],"wp:term":[{"taxonomy":"product_brand","embeddable":true,"href":"https:\/\/lidajoies.com\/en\/wp-json\/wp\/v2\/product_brand?post=989783"},{"taxonomy":"product_cat","embeddable":true,"href":"https:\/\/lidajoies.com\/en\/wp-json\/wp\/v2\/product_cat?post=989783"},{"taxonomy":"product_tag","embeddable":true,"href":"https:\/\/lidajoies.com\/en\/wp-json\/wp\/v2\/product_tag?post=989783"}],"curies":[{"name":"wp","href":"https:\/\/api.w.org\/{rel}","templated":true}]}}