{"id":989860,"date":"2025-07-10T16:59:59","date_gmt":"2025-07-10T16:59:59","guid":{"rendered":"https:\/\/lidajoies.com\/?post_type=product&#038;p=989860"},"modified":"2026-05-14T16:26:15","modified_gmt":"2026-05-14T16:26:15","slug":"white-gold-earrings-with-mother-of-pearl-and-brilliant-flower","status":"publish","type":"product","link":"https:\/\/lidajoies.com\/en\/producto\/pendientes-de-oro-blanco-flor-de-nacar-y-brillante\/","title":{"rendered":"White gold earrings with mother-of-pearl flower and brilliant."},"content":{"rendered":"","protected":false},"excerpt":{"rendered":"<p>Pendientes\u00a0 flor de n\u00e1car gris montada en oro blanco de 750mm con 2 brillantes naturales de 0.04cts. Tama\u00f1o 10mm. Cierre presi\u00f3n.<\/p>","protected":false},"featured_media":994492,"template":"","meta":[],"product_brand":[],"product_cat":[261,255,18,86,103,254,105],"product_tag":[],"class_list":{"0":"post-989860","1":"product","2":"type-product","3":"status-publish","4":"has-post-thumbnail","6":"product_cat-color","7":"product_cat-diamante","8":"product_cat-earrings","9":"product_cat-flors","10":"product_cat-joyeria-de-oro","11":"product_cat-oro-blanco","12":"product_cat-pendientes","14":"first","15":"outofstock","16":"shipping-taxable","17":"purchasable","18":"product-type-simple"},"_links":{"self":[{"href":"https:\/\/lidajoies.com\/en\/wp-json\/wp\/v2\/product\/989860","targetHints":{"allow":["GET"]}}],"collection":[{"href":"https:\/\/lidajoies.com\/en\/wp-json\/wp\/v2\/product"}],"about":[{"href":"https:\/\/lidajoies.com\/en\/wp-json\/wp\/v2\/types\/product"}],"version-history":[{"count":4,"href":"https:\/\/lidajoies.com\/en\/wp-json\/wp\/v2\/product\/989860\/revisions"}],"predecessor-version":[{"id":995303,"href":"https:\/\/lidajoies.com\/en\/wp-json\/wp\/v2\/product\/989860\/revisions\/995303"}],"wp:featuredmedia":[{"embeddable":true,"href":"https:\/\/lidajoies.com\/en\/wp-json\/wp\/v2\/media\/994492"}],"wp:attachment":[{"href":"https:\/\/lidajoies.com\/en\/wp-json\/wp\/v2\/media?parent=989860"}],"wp:term":[{"taxonomy":"product_brand","embeddable":true,"href":"https:\/\/lidajoies.com\/en\/wp-json\/wp\/v2\/product_brand?post=989860"},{"taxonomy":"product_cat","embeddable":true,"href":"https:\/\/lidajoies.com\/en\/wp-json\/wp\/v2\/product_cat?post=989860"},{"taxonomy":"product_tag","embeddable":true,"href":"https:\/\/lidajoies.com\/en\/wp-json\/wp\/v2\/product_tag?post=989860"}],"curies":[{"name":"wp","href":"https:\/\/api.w.org\/{rel}","templated":true}]}}