{"id":990052,"date":"2025-07-10T17:01:16","date_gmt":"2025-07-10T17:01:16","guid":{"rendered":"https:\/\/lidajoies.com\/?post_type=product&#038;p=990052"},"modified":"2026-02-12T12:13:55","modified_gmt":"2026-02-12T12:13:55","slug":"long-earrings-made-of-satin-silver-and-polished-yellow-gold-plates-total-measurement-7-5-cm","status":"publish","type":"product","link":"https:\/\/lidajoies.com\/en\/producto\/pendientes-largos-de-plata-satinada-y-placas-de-oro-amarillo-pulidas-medida-total-7-5cms\/","title":{"rendered":"Long earrings in satin silver and polished yellow gold plates. Total measurement 7.5 cm."},"content":{"rendered":"","protected":false},"excerpt":{"rendered":"<p>Pendientes largos combinados en 2 vagas de plata satinada de 925mm y 6 placas de oro amarillo de 750mm, pulidas de 6mm de di\u00e1metro.<br \/>\nLa pieza que reposa sobre el \u00f3valo mide 6mm de di\u00e1metro. Cierre presi\u00f3n de oro de 750mm.<br \/>\nMedida total 7.5cms<\/p>","protected":false},"featured_media":990092,"template":"","meta":[],"product_brand":[],"product_cat":[18,90,105,263],"product_tag":[],"class_list":{"0":"post-990052","1":"product","2":"type-product","3":"status-publish","4":"has-post-thumbnail","6":"product_cat-earrings","7":"product_cat-happy-mood","8":"product_cat-pendientes","9":"product_cat-plata-y-oro","11":"first","12":"instock","13":"shipping-taxable","14":"purchasable","15":"product-type-simple"},"_links":{"self":[{"href":"https:\/\/lidajoies.com\/en\/wp-json\/wp\/v2\/product\/990052","targetHints":{"allow":["GET"]}}],"collection":[{"href":"https:\/\/lidajoies.com\/en\/wp-json\/wp\/v2\/product"}],"about":[{"href":"https:\/\/lidajoies.com\/en\/wp-json\/wp\/v2\/types\/product"}],"version-history":[{"count":2,"href":"https:\/\/lidajoies.com\/en\/wp-json\/wp\/v2\/product\/990052\/revisions"}],"predecessor-version":[{"id":991488,"href":"https:\/\/lidajoies.com\/en\/wp-json\/wp\/v2\/product\/990052\/revisions\/991488"}],"wp:featuredmedia":[{"embeddable":true,"href":"https:\/\/lidajoies.com\/en\/wp-json\/wp\/v2\/media\/990092"}],"wp:attachment":[{"href":"https:\/\/lidajoies.com\/en\/wp-json\/wp\/v2\/media?parent=990052"}],"wp:term":[{"taxonomy":"product_brand","embeddable":true,"href":"https:\/\/lidajoies.com\/en\/wp-json\/wp\/v2\/product_brand?post=990052"},{"taxonomy":"product_cat","embeddable":true,"href":"https:\/\/lidajoies.com\/en\/wp-json\/wp\/v2\/product_cat?post=990052"},{"taxonomy":"product_tag","embeddable":true,"href":"https:\/\/lidajoies.com\/en\/wp-json\/wp\/v2\/product_tag?post=990052"}],"curies":[{"name":"wp","href":"https:\/\/api.w.org\/{rel}","templated":true}]}}