{"id":990055,"date":"2025-07-10T17:01:16","date_gmt":"2025-07-10T17:01:16","guid":{"rendered":"https:\/\/lidajoies.com\/?post_type=product&#038;p=990055"},"modified":"2026-05-14T17:43:20","modified_gmt":"2026-05-14T17:43:20","slug":"macrame-bracelet-with-gold-angela-motif","status":"publish","type":"product","link":"https:\/\/lidajoies.com\/en\/producto\/pulsera-de-macrame-con-motivo-angela-de-oro\/","title":{"rendered":"Pulsera de macram\u00e9 con un \u00e1ngel de oro."},"content":{"rendered":"","protected":false},"excerpt":{"rendered":"<p>Pulsera de macram\u00e9 negro con motivo en forma de \u00e1ngel en oro amarillo de 750mm en tama\u00f1o de12x12mm. Bolitas finales en oro amarillo.<\/p>","protected":false},"featured_media":990098,"template":"","meta":[],"product_brand":[],"product_cat":[71,103,252,79],"product_tag":[],"class_list":{"0":"post-990055","1":"product","2":"type-product","3":"status-publish","4":"has-post-thumbnail","6":"product_cat-angela","7":"product_cat-joyeria-de-oro","8":"product_cat-oro-amarillo","9":"product_cat-pulseras","11":"first","12":"instock","13":"shipping-taxable","14":"purchasable","15":"product-type-simple"},"_links":{"self":[{"href":"https:\/\/lidajoies.com\/en\/wp-json\/wp\/v2\/product\/990055","targetHints":{"allow":["GET"]}}],"collection":[{"href":"https:\/\/lidajoies.com\/en\/wp-json\/wp\/v2\/product"}],"about":[{"href":"https:\/\/lidajoies.com\/en\/wp-json\/wp\/v2\/types\/product"}],"version-history":[{"count":4,"href":"https:\/\/lidajoies.com\/en\/wp-json\/wp\/v2\/product\/990055\/revisions"}],"predecessor-version":[{"id":995322,"href":"https:\/\/lidajoies.com\/en\/wp-json\/wp\/v2\/product\/990055\/revisions\/995322"}],"wp:featuredmedia":[{"embeddable":true,"href":"https:\/\/lidajoies.com\/en\/wp-json\/wp\/v2\/media\/990098"}],"wp:attachment":[{"href":"https:\/\/lidajoies.com\/en\/wp-json\/wp\/v2\/media?parent=990055"}],"wp:term":[{"taxonomy":"product_brand","embeddable":true,"href":"https:\/\/lidajoies.com\/en\/wp-json\/wp\/v2\/product_brand?post=990055"},{"taxonomy":"product_cat","embeddable":true,"href":"https:\/\/lidajoies.com\/en\/wp-json\/wp\/v2\/product_cat?post=990055"},{"taxonomy":"product_tag","embeddable":true,"href":"https:\/\/lidajoies.com\/en\/wp-json\/wp\/v2\/product_tag?post=990055"}],"curies":[{"name":"wp","href":"https:\/\/api.w.org\/{rel}","templated":true}]}}