{"id":990141,"date":"2025-07-10T17:01:34","date_gmt":"2025-07-10T17:01:34","guid":{"rendered":"https:\/\/lidajoies.com\/?post_type=product&#038;p=990141"},"modified":"2026-05-12T15:58:15","modified_gmt":"2026-05-12T15:58:15","slug":"silver-and-ruby-necklace","status":"publish","type":"product","link":"https:\/\/lidajoies.com\/en\/producto\/collar-plata-y-rubis\/","title":{"rendered":"Collar plata y rub\u00eds naturales"},"content":{"rendered":"","protected":false},"excerpt":{"rendered":"<p>Colgante Pav\u00e9e de 7 rub\u00eds naturales con cadena de plata oxidada.<\/p>","protected":false},"featured_media":990180,"template":"","meta":[],"product_brand":[],"product_cat":[106,261,74,78,33,253,257],"product_tag":[],"class_list":{"0":"post-990141","1":"product","2":"type-product","3":"status-publish","4":"has-post-thumbnail","6":"product_cat-colgantes","7":"product_cat-color","8":"product_cat-joyeria-de-plata","9":"product_cat-le-petit-pavee","10":"product_cat-necklaces","11":"product_cat-plata","12":"product_cat-rubi","14":"first","15":"outofstock","16":"shipping-taxable","17":"purchasable","18":"product-type-simple"},"_links":{"self":[{"href":"https:\/\/lidajoies.com\/en\/wp-json\/wp\/v2\/product\/990141","targetHints":{"allow":["GET"]}}],"collection":[{"href":"https:\/\/lidajoies.com\/en\/wp-json\/wp\/v2\/product"}],"about":[{"href":"https:\/\/lidajoies.com\/en\/wp-json\/wp\/v2\/types\/product"}],"version-history":[{"count":4,"href":"https:\/\/lidajoies.com\/en\/wp-json\/wp\/v2\/product\/990141\/revisions"}],"predecessor-version":[{"id":995159,"href":"https:\/\/lidajoies.com\/en\/wp-json\/wp\/v2\/product\/990141\/revisions\/995159"}],"wp:featuredmedia":[{"embeddable":true,"href":"https:\/\/lidajoies.com\/en\/wp-json\/wp\/v2\/media\/990180"}],"wp:attachment":[{"href":"https:\/\/lidajoies.com\/en\/wp-json\/wp\/v2\/media?parent=990141"}],"wp:term":[{"taxonomy":"product_brand","embeddable":true,"href":"https:\/\/lidajoies.com\/en\/wp-json\/wp\/v2\/product_brand?post=990141"},{"taxonomy":"product_cat","embeddable":true,"href":"https:\/\/lidajoies.com\/en\/wp-json\/wp\/v2\/product_cat?post=990141"},{"taxonomy":"product_tag","embeddable":true,"href":"https:\/\/lidajoies.com\/en\/wp-json\/wp\/v2\/product_tag?post=990141"}],"curies":[{"name":"wp","href":"https:\/\/api.w.org\/{rel}","templated":true}]}}