{"id":990381,"date":"2025-07-10T17:02:37","date_gmt":"2025-07-10T17:02:37","guid":{"rendered":"https:\/\/lidajoies.com\/?post_type=product&#038;p=990381"},"modified":"2026-05-14T17:36:42","modified_gmt":"2026-05-14T17:36:42","slug":"small-angela-silver-pendant","status":"publish","type":"product","link":"https:\/\/lidajoies.com\/en\/producto\/colgante-de-plata-angela-pequeno\/","title":{"rendered":"Colgante de plata en forma de \u00e1ngel"},"content":{"rendered":"","protected":false},"excerpt":{"rendered":"<p>Colgante de plata de 925mm en forma de \u00e1ngel, con alas matizadas, tama\u00f1o peque\u00f1o 12x12mm.<br \/>\n* This item does not include the chain.<\/p>","protected":false},"featured_media":990411,"template":"","meta":[],"product_brand":[],"product_cat":[71,106,74,253],"product_tag":[],"class_list":{"0":"post-990381","1":"product","2":"type-product","3":"status-publish","4":"has-post-thumbnail","6":"product_cat-angela","7":"product_cat-colgantes","8":"product_cat-joyeria-de-plata","9":"product_cat-plata","11":"first","12":"instock","13":"shipping-taxable","14":"purchasable","15":"product-type-simple"},"_links":{"self":[{"href":"https:\/\/lidajoies.com\/en\/wp-json\/wp\/v2\/product\/990381","targetHints":{"allow":["GET"]}}],"collection":[{"href":"https:\/\/lidajoies.com\/en\/wp-json\/wp\/v2\/product"}],"about":[{"href":"https:\/\/lidajoies.com\/en\/wp-json\/wp\/v2\/types\/product"}],"version-history":[{"count":4,"href":"https:\/\/lidajoies.com\/en\/wp-json\/wp\/v2\/product\/990381\/revisions"}],"predecessor-version":[{"id":995317,"href":"https:\/\/lidajoies.com\/en\/wp-json\/wp\/v2\/product\/990381\/revisions\/995317"}],"wp:featuredmedia":[{"embeddable":true,"href":"https:\/\/lidajoies.com\/en\/wp-json\/wp\/v2\/media\/990411"}],"wp:attachment":[{"href":"https:\/\/lidajoies.com\/en\/wp-json\/wp\/v2\/media?parent=990381"}],"wp:term":[{"taxonomy":"product_brand","embeddable":true,"href":"https:\/\/lidajoies.com\/en\/wp-json\/wp\/v2\/product_brand?post=990381"},{"taxonomy":"product_cat","embeddable":true,"href":"https:\/\/lidajoies.com\/en\/wp-json\/wp\/v2\/product_cat?post=990381"},{"taxonomy":"product_tag","embeddable":true,"href":"https:\/\/lidajoies.com\/en\/wp-json\/wp\/v2\/product_tag?post=990381"}],"curies":[{"name":"wp","href":"https:\/\/api.w.org\/{rel}","templated":true}]}}